{"id":10,"date":"2014-11-20T20:20:44","date_gmt":"2014-11-20T20:20:44","guid":{"rendered":"http:\/\/www.vsbw.de\/~axhim\/muse\/?page_id=10"},"modified":"2017-10-13T10:41:36","modified_gmt":"2017-10-13T10:41:36","slug":"team","status":"publish","type":"page","link":"https:\/\/muse.bayern\/?page_id=10","title":{"rendered":"Team"},"content":{"rendered":"<h2>Leitung<\/h2>\n<p><a href=\"https:\/\/muse.bayern\/wp-content\/uploads\/2014\/11\/hof_klein.jpg\"><img loading=\"lazy\" decoding=\"async\" class=\"wp-image-130 size-thumbnail\" src=\"https:\/\/muse.bayern\/wp-content\/uploads\/2014\/11\/hof_klein-150x150.jpg\" alt=\"Prof. Dr.-Ing. Hans-Joachim Hof\" width=\"150\" height=\"150\" \/><\/a><\/p>\n<p><a href=\"http:\/\/muse.bayern\/?page_id=47\">\u00a0Prof. Dr.-Ing. Hans-Joachim Hof<\/a><\/p>\n<div class=\"su-note\"  style=\"border-color:#e5e54c;border-radius:3px;-moz-border-radius:3px;-webkit-border-radius:3px;\"><div class=\"su-note-inner su-u-clearfix su-u-trim\" style=\"background-color:#FFFF66;border-color:#ffffff;color:#333333;border-radius:3px;-moz-border-radius:3px;-webkit-border-radius:3px;\">Professor Hof wurde zum 01.09.2016 an die Technische Hochschule Ingolstadt berufen als Professor f\u00fcr IT-Sicherheit. Die MuSe &#8211; Munich IT Security Research Group wird so lange weitergef\u00fchrt, bis die letzten Promotionen \/ Masterarbeiten im Master of Applied Research in Engineering Science abgeschlossen sind<\/div><\/div>\n<h2>Wissenschaftliche Mitarbeiter<\/h2>\n<p>*** wegen Umzug der Forschungsgruppe nach Ingolstadt keine wissenschaftlichen Mitarbeiter in M\u00fcnchen mehr ***<\/p>\n<h2>Studentische Wissenschaftler (Master Applied Research)<\/h2>\n<p><a href=\"http:\/\/muse.bayern\/?page_id=705\">Leonhard Bielmeier<\/a><\/p>\n<p><a href=\"http:\/\/muse.bayern\/?page_id=817\">Jasmin Br\u00fcckmann<\/a><\/p>\n<p><a href=\"http:\/\/muse.bayern\/?page_id=707\">Lukas Braun<\/a><\/p>\n<p><a href=\"http:\/\/muse.bayern\/?page_id=819\">Tobias Madl<\/a><\/p>\n<p><a href=\"http:\/\/muse.bayern\/?page_id=709\">Maximilian Woerner<\/a><\/p>\n<h2>Wissenschaftliche Hilfskr\u00e4fte<\/h2>\n<p>*** aktuell keine Hiwis ***<\/p>\n<h2>Ehemalige<\/h2>\n<p><a href=\"http:\/\/muse.bayern\/?page_id=126\">Christoph Pohl<\/a><\/p>\n<p><a href=\"http:\/\/muse.bayern\/?page_id=128\">Christoph Ponikwar<\/a><\/p>\n","protected":false},"excerpt":{"rendered":"<p>Leitung \u00a0Prof. Dr.-Ing. Hans-Joachim Hof Wissenschaftliche Mitarbeiter *** wegen Umzug der Forschungsgruppe nach Ingolstadt keine wissenschaftlichen Mitarbeiter in M\u00fcnchen mehr *** Studentische Wissenschaftler (Master Applied Research) Leonhard Bielmeier Jasmin Br\u00fcckmann Lukas Braun Tobias Madl Maximilian Woerner Wissenschaftliche Hilfskr\u00e4fte *** aktuell keine Hiwis *** Ehemalige Christoph Pohl Christoph Ponikwar<\/p>\n","protected":false},"author":1,"featured_media":0,"parent":0,"menu_order":0,"comment_status":"closed","ping_status":"closed","template":"","meta":{"_mi_skip_tracking":false,"_exactmetrics_sitenote_active":false,"_exactmetrics_sitenote_note":"","_exactmetrics_sitenote_category":0,"footnotes":""},"_links":{"self":[{"href":"https:\/\/muse.bayern\/index.php?rest_route=\/wp\/v2\/pages\/10"}],"collection":[{"href":"https:\/\/muse.bayern\/index.php?rest_route=\/wp\/v2\/pages"}],"about":[{"href":"https:\/\/muse.bayern\/index.php?rest_route=\/wp\/v2\/types\/page"}],"author":[{"embeddable":true,"href":"https:\/\/muse.bayern\/index.php?rest_route=\/wp\/v2\/users\/1"}],"replies":[{"embeddable":true,"href":"https:\/\/muse.bayern\/index.php?rest_route=%2Fwp%2Fv2%2Fcomments&post=10"}],"version-history":[{"count":14,"href":"https:\/\/muse.bayern\/index.php?rest_route=\/wp\/v2\/pages\/10\/revisions"}],"predecessor-version":[{"id":843,"href":"https:\/\/muse.bayern\/index.php?rest_route=\/wp\/v2\/pages\/10\/revisions\/843"}],"wp:attachment":[{"href":"https:\/\/muse.bayern\/index.php?rest_route=%2Fwp%2Fv2%2Fmedia&parent=10"}],"curies":[{"name":"wp","href":"https:\/\/api.w.org\/{rel}","templated":true}]}}