{"id":12,"date":"2014-11-20T20:21:26","date_gmt":"2014-11-20T20:21:26","guid":{"rendered":"http:\/\/www.vsbw.de\/~axhim\/muse\/?page_id=12"},"modified":"2016-04-11T15:20:46","modified_gmt":"2016-04-11T15:20:46","slug":"faq","status":"publish","type":"page","link":"https:\/\/muse.bayern\/?page_id=12","title":{"rendered":"FAQ"},"content":{"rendered":"<p>Hier werden typische Fragen aus folgenden Bereichen beantwortet:<\/p>\n<ul>\n<li>Veranstaltungen<\/li>\n<li>Sprechstunde<\/li>\n<li>Abschlussarbeiten<\/li>\n<li>Pr\u00fcfungsplanung<\/li>\n<li>Pr\u00fcfungen<\/li>\n<li>Empfohlene Literatur<\/li>\n<\/ul>\n<div class=\"su-divider su-divider-style-dotted\" style=\"margin:15px 0;border-width:2px;border-color:#999999\"><a href=\"#\" style=\"color:#999999\">nach oben<\/a><\/div>\n<h2>Themenbereich Veranstaltungen<\/h2>\n<div class=\"su-quote su-quote-style-default su-quote-has-cite\"><div class=\"su-quote-inner su-u-clearfix su-u-trim\"> Wie kann ich Informationen \u00fcber aktuelle Veranstaltungen an der MuSe &#8211; Munich IT Security Research Group bekommen? <span class=\"su-quote-cite\">Unbekannter Student<\/span><\/div><\/div>\n<p><a href=\"wp-login.php?action=register\" target=\"_blank\">Registrieren<\/a> Sie sich bitte f\u00fcr diese Webseite und setzen Sie den entsprechenden Haken. Sie erhalten dann Einladungen zur Vortragsreihe &#8220;Datenschutz und IT-Sicherheit&#8221;, zu den Forschungskolloquien der MuSe &#8211; Munich IT Security Research Group sowie weitere interessante Neuigkeiten der Forschungsgruppe.<\/p>\n<div class=\"su-quote su-quote-style-default su-quote-has-cite\"><div class=\"su-quote-inner su-u-clearfix su-u-trim\"> Wo erhalte ich die Unterlagen zu Veranstaltungen?<span class=\"su-quote-cite\">Unbekannter Student<\/span><\/div><\/div>\n<div class=\"su-quote su-quote-style-default su-quote-has-cite\"><div class=\"su-quote-inner su-u-clearfix su-u-trim\"> Kann ich die Unterlangen vergangener Semester erhalten?<span class=\"su-quote-cite\">Unbekannter Student<\/span><\/div><\/div>\n<p>Aus urheberrechtlichen Gr\u00fcnden (siehe <a href=\"http:\/\/de.wikipedia.org\/wiki\/Schranken_des_Urheberrechts\">diesen Artikel zu \u00a752a UrhG<\/a>) kann ich meine Vorlesungsunterlagen leider nur f\u00fcr die Teilnehmer meiner Kurse und nur w\u00e4hrend dem Semester, in dem die entsprechenden Kurse laufen, \u00fcber <a href=\"http:\/\/moodle.hm.edu\">moodle.hm.edu<\/a> anbieten. Das Zugangspasswort wird ausschlie\u00dflich in der ersten Veranstaltung bekannt gegeben. Ich bedauere es pers\u00f6nlich sehr, dass es keine weiterreichenden Ausnahmen f\u00fcr Nutzung von Werken in Lehre und Unterreicht im Urheberrechtsgesetz gibt.<\/p>\n<div class=\"su-quote su-quote-style-default su-quote-has-cite\"><div class=\"su-quote-inner su-u-clearfix su-u-trim\"> Bei der Zuteilung der F\u00e4cher habe ich keinen Platz in der von Ihnen angebotenen Veranstaltung erhalten. Kann ich noch einen Platz bekommen?<span class=\"su-quote-cite\">Unbekannter Student<\/span><\/div><\/div>\n<p>Die Zuteilung der Studierenden zu h\u00e4ufig nachgefragten F\u00e4chern erfolgt zentral, um eine bessere Ressourcenverteilung an der Fakult\u00e4t zu erreichen. Eine Begrenzung der Pl\u00e4tze pro Veranstaltung ist aus r\u00e4umlichen, einrichtungstechnischen und didaktischen Gr\u00fcnden notwendig und kommt allen H\u00f6rern der entsprechenden Veranstaltung zugute. Wenn Sie keinen Platz erhalten haben bedeutet dies, dass auch tats\u00e4chlich keine weiteren Pl\u00e4tze zur Verf\u00fcgung stehen. Ich halte keine Pl\u00e4tze zur\u00fcck. Sollten im Laufe des Semesters wieder Pl\u00e4tze frei werden, so werde ich dies \u00fcber das Schwarze Brett bekannt geben. \u00dcblicherweise besteht das Problem der begrenzten Pl\u00e4tze vor allem in den Praktika. Bitte beachten Sie, dass ich keine Leistungsnachweise f\u00fcr nicht angemeldete Studierende ausstelle.<\/p>\n<div class=\"su-divider su-divider-style-dotted\" style=\"margin:15px 0;border-width:2px;border-color:#999999\"><a href=\"#\" style=\"color:#999999\">nach oben<\/a><\/div>\n<div class=\"su-quote su-quote-style-default su-quote-has-cite\"><div class=\"su-quote-inner su-u-clearfix su-u-trim\"> Werden in der von Ihnen angebotenen Veranstaltung xy Programmierkenntnisse vorausgesetzt?<span class=\"su-quote-cite\">Unbekannter Student<\/span><\/div><\/div>\n<p>Generell setze ich in meinen Veranstaltungen den Kenntnisstand voraus, der im Semester, in dem die Veranstaltung angeboten wird, nach Studienplan zu erwarten ist. Dies betrifft nicht nur die Programmierkenntnisse, sondern z.B. auch die Grundlagen der Informatik und Mathematik sowie Themen wie Netzwerke, Betriebssysteme etc. \u00dcber ausgepr\u00e4gte Programmierkenntnisse sollten Informatiker und Wirtschaftsinformatiker sp\u00e4testens nach dem zweiten Semester verf\u00fcgen.<\/p>\n<h2>Themenbereich Sprechstunde<\/h2>\n<div class=\"su-quote su-quote-style-default su-quote-has-cite\"><div class=\"su-quote-inner su-u-clearfix su-u-trim\">Wann kann ich Sie am besten erreichen?<span class=\"su-quote-cite\">Unbekannter Student<\/span><\/div><\/div>\n<p>Jeder Mitarbeiter der MuSe &#8211; Munich IT Security Research Group bietet eine Sprechstunde an. Die Sprechstunde von Professor Hof findet im Sommersemester 2016 w\u00e4hrend der Vorlesungszeit\u00a0 immer donnerstags von 11:00-11:40 Uhr statt. Es handelt sich um eine offene Sprechstunde, d.h. eine <em>Anmeldung ist nicht erforderlich<\/em>, kommen Sie einfach vorbei. In der vorlesungsfreien Zeit findet keine regelm\u00e4\u00dfige Sprechstunde statt, bitte schreiben Sie in dieser Zeit eine Mail an Prof. Hof, Ihnen wird dann ein Termin zugewiesen.<\/p>\n<div class=\"su-divider su-divider-style-dotted\" style=\"margin:15px 0;border-width:2px;border-color:#999999\"><a href=\"#\" style=\"color:#999999\">nach oben<\/a><\/div>\n<h2>Themenbereich Abschlussarbeiten<\/h2>\n<div class=\"su-quote su-quote-style-default su-quote-has-cite\"><div class=\"su-quote-inner su-u-clearfix su-u-trim\">Ich w\u00fcrde gerne eine Abschlussarbeit in der MuSe schreiben. Haben Sie Themenvorschl\u00e4ge?<span class=\"su-quote-cite\">Unbekannter Student<\/span><\/div><\/div>\n<p>Ja. Bitte werfen Sie einen Blick auf die <a title=\"Abschlussarbeiten\" href=\"http:\/\/www.vsbw.de\/~axhim\/muse\/?page_id=14\">Themenausschreibungen.<\/a><\/p>\n<p>&nbsp;<\/p>\n<div class=\"su-quote su-quote-style-default su-quote-has-cite\"><div class=\"su-quote-inner su-u-clearfix su-u-trim\">Ich habe ein superinteressantes, eigenes Thema, k\u00f6nnen Sie die Arbeit betreuen?<span class=\"su-quote-cite\">Unbekannter Student<\/span><\/div><\/div>\n<p>Professor Hof betreut Abschlussarbeiten im Bereich IT-Sicherheit. Bitte kommen Sie in der Sprechstunde vorbei, um das Thema abzusprechen. Bringen Sie dazu unbedingt eine Aufgabenbeschreibung des angestrebten Themas mit. Die Themenbeschreibung sollte insbesondere folgende Punkte verdeutlichen:<\/p>\n<ul>\n<li>Welches Problem soll gel\u00f6st werden?<\/li>\n<li>Warum ist dieses Problem mit bisherigen Ans\u00e4tzen\/Methoden\/Mechanismen nicht zu l\u00f6sen?<\/li>\n<li>Wie soll vorgegangen werden, um eine Probleml\u00f6sungen zu erarbeiten?<\/li>\n<\/ul>\n<p>&nbsp;<\/p>\n<div class=\"su-quote su-quote-style-default su-quote-has-cite\"><div class=\"su-quote-inner su-u-clearfix su-u-trim\">Meine Firma bietet eine Abschlussarbeit an. K\u00f6nnen Sie diese betreuen? <span class=\"su-quote-cite\">Unbekannter Student<\/span><\/div><\/div>\n<p>F\u00fcr die Betreuung externer Arbeiten existieren an der MuSe verschiedene Vorbedingungen.Die Arbeit muss sich im Themenfeld IT-Sicherheit bewegen, ansonsten betreut Prof. Hof diese Arbeit nicht. F\u00fcr die strategischen Partner der MuSe &#8211; Munich IT Security Research Group sind die weiteren Vorbedingungen bereits \u00fcberpr\u00fcft worden, hier ist ausschlie\u00dflich eine geeignete Themenstellung vorzulegen (siehe oben). Bei Abschlussarbeiten in anderen Firmen sollte sich der Abteilungsleiter der Abteilung, in der die Abschlussarbeit bearbeitet werden soll, mit Prof. Hof in Verbindung setzen um die Vorbedingungen abzukl\u00e4ren. Insbesondere ist eine kontinuierliche Betreuung des Studierenden durch geeignete Ma\u00dfnahmen sicherzustellen.<\/p>\n<p>&nbsp;<\/p>\n<div class=\"su-quote su-quote-style-default su-quote-has-cite\"><div class=\"su-quote-inner su-u-clearfix su-u-trim\">Unsere Firma bietet Abschlussarbeiten kann, k\u00f6nnen Sie geeignete Studierende vermitteln <span class=\"su-quote-cite\">Unbekannte Firma<\/span><\/div><\/div>\n<p>F\u00fcr Arbeiten im Themenfeld &#8220;IT-Sicherheit&#8221; besteht diese M\u00f6glichkeit. Bitte setzen Sie sich mit Prof. Hof in Verbindung.<\/p>\n<div class=\"su-quote su-quote-style-default su-quote-has-cite\"><div class=\"su-quote-inner su-u-clearfix su-u-trim\">Wie l\u00e4uft denn so eine Abschlussarbeit ab? Haben Sie ein paar Tipps? <span class=\"su-quote-cite\">Unbekannter Student<\/span><\/div><\/div>\n<p>Hier finden Sie Tipps und Tricks f\u00fcr Bachelorarbeiten und Masterarbeiten sowie eine Info zum typischen Ablauf einer Abschlussarbeit: <a href=\"http:\/\/www.vsbw.de\/~axhim\/muse\/?page_id=63\">Link<\/a><\/p>\n<div class=\"su-quote su-quote-style-default su-quote-has-cite\"><div class=\"su-quote-inner su-u-clearfix su-u-trim\">Ich habe Zeitdruck, so eine Abschlussarbeit muss doch auch schneller zu schreiben sein! Schaffe ich das auch in der H\u00e4lfte der Zeit?<span class=\"su-quote-cite\">Unbekannter Student<\/span><\/div><\/div>\n<p>Kurze Antwort: nein. Insbesondere die Zeit f\u00fcr Bachelorarbeiten ist so schon recht kurz bemessen.<\/p>\n<p>&nbsp;<\/p>\n<div class=\"su-quote su-quote-style-default su-quote-has-cite\"><div class=\"su-quote-inner su-u-clearfix su-u-trim\">Wann muss ich eine Bachelorarbeit anmelden, damit ich mich im folgenden Semester f\u00fcr den Master anmelden kann ?<span class=\"su-quote-cite\">Unbekannter Student<\/span><\/div><\/div>\n<p>Nach aktuellem Stand (24.11.2014) muss eine Bachelorarbeit <strong>bewertet<\/strong> sein, bevor das Zeugnis ausgestellt werden kann und eine Einschreibung im Master m\u00f6glich ist. Um sicherzustellen, dass die Arbeit rechtzeitig korrigiert ist und das entsprechende Formular vom Pr\u00fcfungskommissionsvorsitzenden rechtzeitig unterzeichnet wird ist es zu empfehlen, die Arbeit einen Monat vor Bekanntgabe der Pr\u00fcfungsergebnisse (Termin siehe <a href=\"http:\/\/fi.cs.hm.edu\/fi\/rest\/public?style=\/fi\/default.css\">Fachbereichsinformationssystem<\/a>) abzugeben.<\/p>\n<div class=\"su-quote su-quote-style-default su-quote-has-cite\"><div class=\"su-quote-inner su-u-clearfix su-u-trim\">Kann ich meine Abschlussarbeit auch in der vorlesungsfreien Zeit abgeben?<span class=\"su-quote-cite\">Unbekannter Student<\/span><\/div><\/div>\n<p>Ja, dies ist nat\u00fcrlich m\u00f6glich. Bitte bachten Sie jedoch, dass die vorlesungsfreie Zeit f\u00fcr die Professoren die Zeit ist, in der wir verst\u00e4rkt nicht anwesend sind, z.B. wegen Dienstreisen, Urlaub, Kinderbetreuung w\u00e4hrend der Schlie\u00dfzeiten der Kindertagesst\u00e4tten, &#8230; Es ist wahrscheinlich, dass bei einer Abgabe einer Abschlussarbeit in der vorlesungsfreien Zeit die Note erst im n\u00e4chsten Semester eingetragen wird. Die Noteneintragung h\u00e4ngt insbesonder nicht nur von der Verf\u00fcgbarkeit des Betreuers der Arbeit ab, sondern auch von der Verf\u00fcgbarkeit des Zweitkorrektors und der\/des Pr\u00fcfungskommissionsvorsitzende(n).<\/p>\n<div class=\"su-divider su-divider-style-dotted\" style=\"margin:15px 0;border-width:2px;border-color:#999999\"><a href=\"#\" style=\"color:#999999\">nach oben<\/a><\/div>\n<h2>Themenbereich Pr\u00fcfungsplanung<\/h2>\n<div class=\"su-quote su-quote-style-default su-quote-has-cite\"><div class=\"su-quote-inner su-u-clearfix su-u-trim\">Wann wird denn der aktuelle Pr\u00fcfungsplan ver\u00f6ffentlicht? <span class=\"su-quote-cite\">Unbekannter Student<\/span><\/div><\/div>\n<p>Sp\u00e4testens 4 Wochen vor Beginn der Pr\u00fcfungszeit stehen Datum und Uhrzeit der Pr\u00fcfung zur Verf\u00fcgung, sp\u00e4testens eine Woche vor Beginn der Pr\u00fcfung steht der Ort der Pr\u00fcfungen fest. Pr\u00fcfungen der Fakult\u00e4t 07 finden \u00fcblicherweise in der Lothstra\u00dfe 64 statt bzw. in benachbarten Geb\u00e4uden. Den aktuellen Pr\u00fcfungsplan finden Sie auf unserem <a href=\"http:\/\/fi.cs.hm.edu\/fi\/rest\/public?style=\/fi\/default.css\" target=\"_blank\">Fachbereitsinformationssystem<\/a>.<\/p>\n<p>&nbsp;<\/p>\n<div class=\"su-quote su-quote-style-default su-quote-has-cite\"><div class=\"su-quote-inner su-u-clearfix su-u-trim\">Ich habe eine \u00dcberschneidung im Pr\u00fcfungsplan. Was kann ich tun? <span class=\"su-quote-cite\">Unbekannter Student<\/span><\/div><\/div>\n<p>Eine \u00dcberschneidung liegt dann vor, wenn zwei Pr\u00fcfungen, f\u00fcr die Sie angemeldet sind, zum gleichen Zeitpunkt stattfinden w\u00fcrden oder wenn zwischen einer Pr\u00fcfung am Campus Lothstra\u00dfe und einer Pr\u00fcfung am Campus Pasing weniger als 90 Minuten Pause liegen. In diesem Fall kontaktieren Sie bitte umgehend Professor Hof mit folgenden Informationen:<\/p>\n<ul>\n<li>Ihr Name, Ihre Matrikelnummer, Ihr Studiengang<\/li>\n<li>Dreistelliger Code der Pr\u00fcfungen mit \u00dcberschneidungen<\/li>\n<li>Name der Pr\u00fcfungen mit der \u00dcberschneidung<\/li>\n<li>Pr\u00fcfer der Pr\u00fcfungen mit \u00dcberschneidungen<\/li>\n<\/ul>\n<p>Achten Sie unbedingt darauf, diese Informationen vollst\u00e4ndig zu \u00fcbermitteln!<\/p>\n<div class=\"su-divider su-divider-style-dotted\" style=\"margin:15px 0;border-width:2px;border-color:#999999\"><a href=\"#\" style=\"color:#999999\">nach oben<\/a><\/div>\n<h2>Themenbereich Pr\u00fcfungen<\/h2>\n<div class=\"su-quote su-quote-style-default su-quote-has-cite\"><div class=\"su-quote-inner su-u-clearfix su-u-trim\">Ich habe bei Ihnen in einem der letzten Semester einen Schein bei Ihnen erfolgreich abgelegt. Ich finde diesen Schein nicht mehr, k\u00f6nnen Sie mir ihn erneut ausstellen?<span class=\"su-quote-cite\">Unbekannter Student<\/span><\/div><\/div>\n<p>Ein Schein ist eine Pr\u00fcfungsleistung. Ich melde die Ergebnisse aller Pr\u00fcfungsleistungen am Ende des Semesters an das Pr\u00fcfungsamt. Nachdem die Noten dort eingetragen wurden l\u00f6sche ich aus datenschutzrechtlichen Gr\u00fcnden die Ergebnisse der Pr\u00fcfungsleistungen, da eine Speicherung bei mir nicht mehr erforderlich ist. Aus diesem Grund kann ich auch keine Zweitversionen eines Scheins ausstellen. Bitte wenden Sie sich an das Pr\u00fcfungsamt wegen einer erneuten Ausstellung.<\/p>\n<p>Es sei die Anmerkung erlaubt, dass es sich bei Scheinen um wichtige Dokumente handelt, die Sie, wie andere wichtige Dokumente, pfleglich behandeln und sicher aufbewahren sollten.<\/p>\n<div class=\"su-quote su-quote-style-default su-quote-has-cite\"><div class=\"su-quote-inner su-u-clearfix su-u-trim\">Welcher Stoff ist f\u00fcr die Klausur relevant?<span class=\"su-quote-cite\">Unbekannter Student<\/span><\/div><\/div>\n<p>Grunds\u00e4tzlich ist in meinen Vorlesungen der gesamte Stoff f\u00fcr die Klausur relevant. W\u00e4re Stoff nicht relevant, dann h\u00e4tte ich ihn auch nicht in meiner Vorlesung behandelt. Eine Ausnahme stellen unter Umst\u00e4nden Bonuskapitel dar (z.B. meine Weihnachtsvorlesung), diese sind nach Bekanntgabe in der Vorlesung klausurrelevant oder auch nicht.<\/p>\n<div class=\"su-quote su-quote-style-default su-quote-has-cite\"><div class=\"su-quote-inner su-u-clearfix su-u-trim\">Ich w\u00fcrde eine Pr\u00fcfung gerne schieben. Bieten Sie die Pr\u00fcfung auch n\u00e4chstes Semester an.<span class=\"su-quote-cite\">Unbekannter Student<\/span><\/div><\/div>\n<p>Generell ist es so geregelt, dass Pr\u00fcfungen in dem Semester angeboten werden, in dem auch die Vorlesung stattfindet. Dar\u00fcber hinaus wird die Pr\u00fcfung auch im darauf folgenden Semester angeboten, falls mindestens ein Studierender die Pr\u00fcfung nicht bestanden hat. \u00dcblicherweise (!) biete ich meine Vorlesungen im Jahresturnus an. Sollten Sie eine Pr\u00fcfung auch im Zweitversuch nicht bestehen oder legen Sie die Pr\u00fcfung erst ein Jahr nach der urspr\u00fcnglichen Vorlesung ab rate ich dringend dazu, die Vorlesung erneut zu besuchen.<\/p>\n<div class=\"su-divider su-divider-style-dotted\" style=\"margin:15px 0;border-width:2px;border-color:#999999\"><a href=\"#\" style=\"color:#999999\">nach oben<\/a><\/div>\n<h2>Themenbereich Empfohlene Literatur<\/h2>\n<div class=\"su-quote su-quote-style-default su-quote-has-cite\"><div class=\"su-quote-inner su-u-clearfix su-u-trim\">Welche Literatur empfehlen Sie f\u00fcr Ihre Vorlesung? <span class=\"su-quote-cite\">Unbekannter Student<\/span><\/div><\/div>\n<p>Ich gebe die empfohlene Literatur \u00fcblicherweise in der ersten Vorlesungsstunde bekannt. Literaturempfehlungen k\u00f6nnen Sie auch der Modulbeschreibung der entsprechenden Veranstaltung entnehmen.<\/p>\n<div class=\"su-quote su-quote-style-default su-quote-has-cite\"><div class=\"su-quote-inner su-u-clearfix su-u-trim\">Die von Ihnen empfohlene Literatur ist sehr teuer. Wo kann ich die B\u00fccher g\u00fcnstig oder gar kostenlos herbekommen?<span class=\"su-quote-cite\">Unbekannter Student<\/span><\/div><\/div>\n<p>Grunds\u00e4tzlich bin ich der Meinung, dass Sie sich als angehende Akademiker einen Vorrat an Grundlagenliteratur zusammenstellen sollten, den Sie dann in Ihrem weiteren Berufsleben regelm\u00e4\u00dfig erweitern. Daf\u00fcr sollten Sie w\u00e4hrend Ihrem Studium pro Vorlesung ca. 150 Euro &#8211; 200 Euro einplanen. Wenn dies Ihr Budget sprengt gibt es immer noch die M\u00f6glichkeit, die empfohlene Literatur gebraucht zu kaufen, z.B. \u00fcber <a href=\"http:\/\/www.bookbutler.de\/\">Bookbutler.de<\/a>. Ziehen Sie auch etwas \u00e4ltere Ausgaben in Betracht, oft gibt es wenig \u00c4nderungen zur aktuellen Ausgabe. Dar\u00fcber hinaus bietet die Bibliothek der Hochschule ein breites Angebot an Literatur. K\u00fcmmern Sie sich dort unbedingt rechtzeitig um die Reservierung der von Ihnen ben\u00f6tigten B\u00fccher, denn oft gibt es Vorbestellungslisten. Idealerweise besorgen Sie sich die empfohlene Literatur bereits am Anfang des Semesters. Sollten Sie \u00fcber die Bibliothek der Hochschule keinen Erfolg haben, k\u00f6nnen Sie es auch in der <a href=\"https:\/\/www.bsb-muenchen.de\/index.php\">Bayerischen Staatsbibliothek <\/a>versuchen.<\/p>\n<div class=\"su-divider su-divider-style-dotted\" style=\"margin:15px 0;border-width:2px;border-color:#999999\"><a href=\"#\" style=\"color:#999999\">nach oben<\/a><\/div>\n<p>&nbsp;<\/p>\n<h2>Sonstige Themen<\/h2>\n<div class=\"su-quote su-quote-style-default su-quote-has-cite\"><div class=\"su-quote-inner su-u-clearfix su-u-trim\"> K\u00f6nnen Sie mir ein Empfehlungsschreiben erstellen f\u00fcr eine Bewerbung um ein Stipendium, einen Auslandsaufenthalt etc. ? <span class=\"su-quote-cite\">Unbekannter Student<\/span><\/div><\/div>\n<p>Gerne erstelle ich, zeitliche Verf\u00fcgbarkeit vorausgesetzt, Empfehlungsschreiben \u00fcber Ihre Studienleistungen in deutscher oder englischer Sprache. Bitte melden Sie sich rechtzeitig (d.h. mindestens 4 Wochen vor Abgabe) in meiner Sprechstunde. \u00dcblicherweise erstelle ich Empfehlungsschreiben \u00fcber Leistungen in Praktika, Studienarbeiten oder Abschlussarbeiten, d.h. \u00fcber individuelle Leistungen, welche ich \u00fcber einen l\u00e4ngeren Zeitraum beobachten konnte. Nat\u00fcrlich spreche ich eine Empfehlung nur bei sehr guten Leistungen aus.<\/p>\n","protected":false},"excerpt":{"rendered":"<p>Hier werden typische Fragen aus folgenden Bereichen beantwortet: Veranstaltungen Sprechstunde Abschlussarbeiten Pr\u00fcfungsplanung Pr\u00fcfungen Empfohlene Literatur Themenbereich Veranstaltungen Registrieren Sie sich bitte f\u00fcr diese Webseite und setzen Sie den entsprechenden Haken. Sie erhalten dann Einladungen zur Vortragsreihe &#8220;Datenschutz und IT-Sicherheit&#8221;, zu den Forschungskolloquien der MuSe &#8211; Munich IT Security Research Group sowie weitere interessante Neuigkeiten der [&hellip;]<\/p>\n","protected":false},"author":1,"featured_media":0,"parent":0,"menu_order":0,"comment_status":"closed","ping_status":"closed","template":"","meta":{"_mi_skip_tracking":false,"_exactmetrics_sitenote_active":false,"_exactmetrics_sitenote_note":"","_exactmetrics_sitenote_category":0,"footnotes":""},"_links":{"self":[{"href":"https:\/\/muse.bayern\/index.php?rest_route=\/wp\/v2\/pages\/12"}],"collection":[{"href":"https:\/\/muse.bayern\/index.php?rest_route=\/wp\/v2\/pages"}],"about":[{"href":"https:\/\/muse.bayern\/index.php?rest_route=\/wp\/v2\/types\/page"}],"author":[{"embeddable":true,"href":"https:\/\/muse.bayern\/index.php?rest_route=\/wp\/v2\/users\/1"}],"replies":[{"embeddable":true,"href":"https:\/\/muse.bayern\/index.php?rest_route=%2Fwp%2Fv2%2Fcomments&post=12"}],"version-history":[{"count":36,"href":"https:\/\/muse.bayern\/index.php?rest_route=\/wp\/v2\/pages\/12\/revisions"}],"predecessor-version":[{"id":660,"href":"https:\/\/muse.bayern\/index.php?rest_route=\/wp\/v2\/pages\/12\/revisions\/660"}],"wp:attachment":[{"href":"https:\/\/muse.bayern\/index.php?rest_route=%2Fwp%2Fv2%2Fmedia&parent=12"}],"curies":[{"name":"wp","href":"https:\/\/api.w.org\/{rel}","templated":true}]}}