{"id":126,"date":"2014-11-23T20:44:41","date_gmt":"2014-11-23T20:44:41","guid":{"rendered":"http:\/\/www.vsbw.de\/~axhim\/muse\/?page_id=126"},"modified":"2014-11-23T21:03:56","modified_gmt":"2014-11-23T21:03:56","slug":"christoph-pohl","status":"publish","type":"page","link":"https:\/\/muse.bayern\/?page_id=126","title":{"rendered":"Christoph Pohl"},"content":{"rendered":"<p>Christoph Pohl<br \/>\nWissenschaftlicher Mitarbeiter<br \/>\nMuSe &#8211; Munich IT Security Research Group<br \/>\nFakult\u00e4t f\u00fcr Informatik und Mathematik<br \/>\nHochschule M\u00fcnchen<br \/>\nLothstra\u00dfe 64<br \/>\n80335 M\u00fcnchen<\/p>\n<p>Telefon: 089 1265-3792<br \/>\nFax: 089 1265-3780<\/p>\n<p>E-Mail: <a href=\"mailto:pohl@muse.bayern\">pohl@muse.bayern<\/a><\/p>\n<p><a href=\"http:\/\/www.cs.hm.edu\/die_fakultaet\/ansprechpartner\/wissenschaftlichemitarbeiter\/pohl\/index.de.html\" target=\"_blank\">Profil an der Hochschule M\u00fcnchen<\/a><\/p>\n<h2>Fachgebiet<\/h2>\n<ul class=\"list-contact-person-detail\">\n<li>IT-Security<\/li>\n<li>Intrusion Detection<\/li>\n<li>Mobile Security<\/li>\n<\/ul>\n<p>&nbsp;<\/p>\n","protected":false},"excerpt":{"rendered":"<p>Christoph Pohl Wissenschaftlicher Mitarbeiter MuSe &#8211; Munich IT Security Research Group Fakult\u00e4t f\u00fcr Informatik und Mathematik Hochschule M\u00fcnchen Lothstra\u00dfe 64 80335 M\u00fcnchen Telefon: 089 1265-3792 Fax: 089 1265-3780 E-Mail: pohl@muse.bayern Profil an der Hochschule M\u00fcnchen Fachgebiet IT-Security Intrusion Detection Mobile Security &nbsp;<\/p>\n","protected":false},"author":1,"featured_media":0,"parent":10,"menu_order":0,"comment_status":"closed","ping_status":"closed","template":"","meta":{"_mi_skip_tracking":false,"_exactmetrics_sitenote_active":false,"_exactmetrics_sitenote_note":"","_exactmetrics_sitenote_category":0,"footnotes":""},"_links":{"self":[{"href":"https:\/\/muse.bayern\/index.php?rest_route=\/wp\/v2\/pages\/126"}],"collection":[{"href":"https:\/\/muse.bayern\/index.php?rest_route=\/wp\/v2\/pages"}],"about":[{"href":"https:\/\/muse.bayern\/index.php?rest_route=\/wp\/v2\/types\/page"}],"author":[{"embeddable":true,"href":"https:\/\/muse.bayern\/index.php?rest_route=\/wp\/v2\/users\/1"}],"replies":[{"embeddable":true,"href":"https:\/\/muse.bayern\/index.php?rest_route=%2Fwp%2Fv2%2Fcomments&post=126"}],"version-history":[{"count":3,"href":"https:\/\/muse.bayern\/index.php?rest_route=\/wp\/v2\/pages\/126\/revisions"}],"predecessor-version":[{"id":137,"href":"https:\/\/muse.bayern\/index.php?rest_route=\/wp\/v2\/pages\/126\/revisions\/137"}],"up":[{"embeddable":true,"href":"https:\/\/muse.bayern\/index.php?rest_route=\/wp\/v2\/pages\/10"}],"wp:attachment":[{"href":"https:\/\/muse.bayern\/index.php?rest_route=%2Fwp%2Fv2%2Fmedia&parent=126"}],"curies":[{"name":"wp","href":"https:\/\/api.w.org\/{rel}","templated":true}]}}