{"id":166,"date":"2014-11-23T21:29:29","date_gmt":"2014-11-23T21:29:29","guid":{"rendered":"http:\/\/www.vsbw.de\/~axhim\/muse\/?page_id=166"},"modified":"2014-11-24T11:49:01","modified_gmt":"2014-11-24T11:49:01","slug":"intelligente-hochperformante-intermodale-mobilitat-inhmotion","status":"publish","type":"page","link":"https:\/\/muse.bayern\/?page_id=166","title":{"rendered":"Intelligente, hochperformante, intermodale Mobilit\u00e4t (InHMotion)"},"content":{"rendered":"<p>Ziel des Projekts ist es, Basistechnologien f\u00fcr intermodale, intelligente Navigations- und Empfehlungssysteme zu erforschen, die es dem Nutzer erlauben eine informierte Entscheidung \u00fcber die passende Route und Kombination von Verkehrsmitteln zu treffen. Im Gegensatz zum aktuellen Stand der Technik basieren die Empfehlungen des Systems sowohl auf eigenen Erfahrungen und Gewohnheiten im aktuellen Kontext als auch auf von anderen Teilnehmern erlebten Reisezeiten. Die hierf\u00fcr ben\u00f6tigten Informationen werden \u00fcber ein neuartiges Overlay-Netzwerk bereitgestellt, welches direkte ad-hoc und zellulare Kommunikation kombiniert, um hochaktuelle Informationen zum Status der Verkehrssysteme bereitzustellen. Ein passendes Datenschutz- und IT-Sicherheitskonzept zum Schutz der Privatsph\u00e4re des Nutzers und zum Absichern des Netzwerkes gegen Missbrauch ist ebenfalls Teil des Projektes.<\/p>\n<p>&nbsp;<\/p>\n<p>&nbsp;<\/p>\n","protected":false},"excerpt":{"rendered":"<p>Ziel des Projekts ist es, Basistechnologien f\u00fcr intermodale, intelligente Navigations- und Empfehlungssysteme zu erforschen, die es dem Nutzer erlauben eine informierte Entscheidung \u00fcber die passende Route und Kombination von Verkehrsmitteln zu treffen. Im Gegensatz zum aktuellen Stand der Technik basieren die Empfehlungen des Systems sowohl auf eigenen Erfahrungen und Gewohnheiten im aktuellen Kontext als auch [&hellip;]<\/p>\n","protected":false},"author":1,"featured_media":0,"parent":200,"menu_order":0,"comment_status":"open","ping_status":"open","template":"","meta":{"_mi_skip_tracking":false,"_exactmetrics_sitenote_active":false,"_exactmetrics_sitenote_note":"","_exactmetrics_sitenote_category":0,"footnotes":""},"_links":{"self":[{"href":"https:\/\/muse.bayern\/index.php?rest_route=\/wp\/v2\/pages\/166"}],"collection":[{"href":"https:\/\/muse.bayern\/index.php?rest_route=\/wp\/v2\/pages"}],"about":[{"href":"https:\/\/muse.bayern\/index.php?rest_route=\/wp\/v2\/types\/page"}],"author":[{"embeddable":true,"href":"https:\/\/muse.bayern\/index.php?rest_route=\/wp\/v2\/users\/1"}],"replies":[{"embeddable":true,"href":"https:\/\/muse.bayern\/index.php?rest_route=%2Fwp%2Fv2%2Fcomments&post=166"}],"version-history":[{"count":1,"href":"https:\/\/muse.bayern\/index.php?rest_route=\/wp\/v2\/pages\/166\/revisions"}],"predecessor-version":[{"id":167,"href":"https:\/\/muse.bayern\/index.php?rest_route=\/wp\/v2\/pages\/166\/revisions\/167"}],"up":[{"embeddable":true,"href":"https:\/\/muse.bayern\/index.php?rest_route=\/wp\/v2\/pages\/200"}],"wp:attachment":[{"href":"https:\/\/muse.bayern\/index.php?rest_route=%2Fwp%2Fv2%2Fmedia&parent=166"}],"curies":[{"name":"wp","href":"https:\/\/api.w.org\/{rel}","templated":true}]}}