{"id":197,"date":"2014-11-24T11:42:19","date_gmt":"2014-11-24T11:42:19","guid":{"rendered":"http:\/\/www.vsbw.de\/~axhim\/muse\/?page_id=197"},"modified":"2014-11-26T09:43:59","modified_gmt":"2014-11-26T09:43:59","slug":"lehre","status":"publish","type":"page","link":"https:\/\/muse.bayern\/?page_id=197","title":{"rendered":"Lehre"},"content":{"rendered":"<p>MuSe bietet ein breites Portfolie an Veranstaltungen im Bereich IT-Sicherheit an. Details finden Sie hier: <a title=\"Veranstaltungen\" href=\"http:\/\/www.vsbw.de\/~axhim\/muse\/?page_id=194\">Veranstaltungen<\/a><\/p>\n<p>&#8220;Forschung, die der Lehre dient&#8221; ist das Leitmotiv der Hochschule M\u00fcnchen im Bereich angewandte Forschung. Die Munich IT Security Research Group bindet deshalb Studierende \u00fcber Abschlussarbeiten in aktuelle Forschungsprojekte ein. Ausschreibungen f\u00fcr aktuelle Abschlussarbeiten finden Sie hier: <a title=\"Abschlussarbeiten\" href=\"http:\/\/www.vsbw.de\/~axhim\/muse\/?page_id=14\">Abschlussarbeiten<\/a><\/p>\n<p>M\u00f6chten Sie regelm\u00e4\u00dfig \u00fcber Neuigkeiten in der MuSe &#8211; Munich IT Security Research Group informiert werden?<br \/>\nDann <a href=\"wp-login.php?action=register\" target=\"_blank\">registrieren<\/a> Sie sich bitte f\u00fcr diese Webseite und setzen Sie den entsprechenden Haken.<\/p>\n<p>&nbsp;<\/p>\n","protected":false},"excerpt":{"rendered":"<p>MuSe bietet ein breites Portfolie an Veranstaltungen im Bereich IT-Sicherheit an. Details finden Sie hier: Veranstaltungen &#8220;Forschung, die der Lehre dient&#8221; ist das Leitmotiv der Hochschule M\u00fcnchen im Bereich angewandte Forschung. Die Munich IT Security Research Group bindet deshalb Studierende \u00fcber Abschlussarbeiten in aktuelle Forschungsprojekte ein. Ausschreibungen f\u00fcr aktuelle Abschlussarbeiten finden Sie hier: Abschlussarbeiten M\u00f6chten [&hellip;]<\/p>\n","protected":false},"author":1,"featured_media":0,"parent":0,"menu_order":0,"comment_status":"closed","ping_status":"closed","template":"","meta":{"_mi_skip_tracking":false,"_exactmetrics_sitenote_active":false,"_exactmetrics_sitenote_note":"","_exactmetrics_sitenote_category":0,"footnotes":""},"_links":{"self":[{"href":"https:\/\/muse.bayern\/index.php?rest_route=\/wp\/v2\/pages\/197"}],"collection":[{"href":"https:\/\/muse.bayern\/index.php?rest_route=\/wp\/v2\/pages"}],"about":[{"href":"https:\/\/muse.bayern\/index.php?rest_route=\/wp\/v2\/types\/page"}],"author":[{"embeddable":true,"href":"https:\/\/muse.bayern\/index.php?rest_route=\/wp\/v2\/users\/1"}],"replies":[{"embeddable":true,"href":"https:\/\/muse.bayern\/index.php?rest_route=%2Fwp%2Fv2%2Fcomments&post=197"}],"version-history":[{"count":4,"href":"https:\/\/muse.bayern\/index.php?rest_route=\/wp\/v2\/pages\/197\/revisions"}],"predecessor-version":[{"id":272,"href":"https:\/\/muse.bayern\/index.php?rest_route=\/wp\/v2\/pages\/197\/revisions\/272"}],"wp:attachment":[{"href":"https:\/\/muse.bayern\/index.php?rest_route=%2Fwp%2Fv2%2Fmedia&parent=197"}],"curies":[{"name":"wp","href":"https:\/\/api.w.org\/{rel}","templated":true}]}}