{"id":200,"date":"2014-11-24T11:44:31","date_gmt":"2014-11-24T11:44:31","guid":{"rendered":"http:\/\/www.vsbw.de\/~axhim\/muse\/?page_id=200"},"modified":"2015-01-11T12:54:22","modified_gmt":"2015-01-11T12:54:22","slug":"projekte-3","status":"publish","type":"page","link":"https:\/\/muse.bayern\/?page_id=200","title":{"rendered":"Projekte"},"content":{"rendered":"<p>Aktuelle und abgeschlossene Projekte von Prof. Dr.-Ing. Hans-Joachim Hof (an der Hochschule M\u00fcnchen, bei der Siemens AG und an der Universit\u00e4t Karlsruhe (TH)).<\/p>\n<h2>Laufende Projekte<\/h2>\n<ul>\n<li><a title=\"Sichere Entwicklung und sicherer Betrieb von Web-Anwendungen\" href=\"http:\/\/www.vsbw.de\/~axhim\/muse\/?page_id=144\">Sichere Entwicklung und sicherer Betrieb von Web-Anwendungen<\/a><\/li>\n<li><a title=\"Intelligente, hochperformante, intermodale Mobilit\u00e4t (InHMotion)\" href=\"http:\/\/www.vsbw.de\/~axhim\/muse\/?page_id=166\">Intelligente, hochperformante, intermodale Mobilit\u00e4t (InHMotion)<\/a><\/li>\n<li><a title=\"Usable Security\" href=\"http:\/\/www.vsbw.de\/~axhim\/muse\/?page_id=170\">Usable Security<\/a><\/li>\n<li>Dom\u00e4nenbewertungssystem zur Erkennung von Malware- und Botnet-Servern<\/li>\n<li>InSeKt &#8211; Industrie 4.0 Security Kit<\/li>\n<li><a title=\"Breakable Web Application (BREW)\" href=\"http:\/\/www.vsbw.de\/~axhim\/muse\/?page_id=258\">Breakable Web Application (BREW)<\/a><\/li>\n<li><a href=\"https:\/\/www.owasp.org\/index.php\/OWASP_Top_10_Privacy_Risks_Project#tab=Acknowledgements\" target=\"_blank\">OWASP Top 10 Privacy Risks Project<\/a><\/li>\n<\/ul>\n<h2>Open Source Projekte<\/h2>\n<p>Die folgenden Open Source Projekte sind Spin-offs von Arbeiten an der MuSe &#8211; Munich IT Security Research Group (z.B. entstanden im Rahmen von Forschungsprojekten oder Abschlussarbeiten)<\/p>\n<ul>\n<li><a href=\"https:\/\/github.com\/CatCookie\/DomainSearch\">Werkzeug zur Sammlung von Informationen \u00fcber Dom\u00e4nen<\/a><\/li>\n<li><a href=\"https:\/\/github.com\/last-login\/TCPFuzz\">Statefull TCP Fuzzer<\/a><\/li>\n<li><a title=\"Breakable Web Application (BREW)\" href=\"http:\/\/www.vsbw.de\/~axhim\/muse\/?page_id=258\">Breakable Web Application (BREW) <\/a><\/li>\n<\/ul>\n<h2>Abgeschlossene Projekte<\/h2>\n<ul>\n<li><a title=\"Entwicklung und Demonstration dezentral vernetzter Energiesysteme hin zum E-Energy-Marktplatz der Zukunft (E-DeMa)\" href=\"http:\/\/www.vsbw.de\/~axhim\/muse\/?page_id=148\">Entwicklung und Demonstration dezentral vernetzter Energiesysteme hin zum E-Energy-Marktplatz der Zukunft (E-DeMa)<\/a><\/li>\n<li><a title=\"ZESAN: Zuverl\u00e4ssige, energieeffiziente drahtlose Sensor-\/Aktuatornetze f\u00fcr Geb\u00e4udeautomatisierung, Anlagen\u00fcberwachung und Prozesssteuerung\" href=\"http:\/\/www.vsbw.de\/~axhim\/muse\/?page_id=151\">ZESAN: Zuverl\u00e4ssige, energieeffiziente drahtlose Sensor-\/Aktuatornetze f\u00fcr Geb\u00e4udeautomatisierung, Anlagen\u00fcberwachung und Prozessteuerung<\/a><\/li>\n<li><a title=\"Internet of Things at Work (IoT@Work)\" href=\"http:\/\/www.vsbw.de\/~axhim\/muse\/?page_id=154\">Internet of Things at Work (IoT@Work)<\/a><\/li>\n<li><a title=\"Spontaneous Virtual Networks (SpoVNet)\" href=\"http:\/\/www.vsbw.de\/~axhim\/muse\/?page_id=158\">Spontaneous Virtual Networks (SpoVNet)<\/a><\/li>\n<li><a title=\"R\u00fcckverfolgung von Distributed-Denial-of-Service-Angriffen\" href=\"http:\/\/www.vsbw.de\/~axhim\/muse\/?page_id=162\">R\u00fcckverfolgung von Distributed-Denial-of-Service-Angriffen<\/a><\/li>\n<li><a title=\"Sicherheit f\u00fcr den Arbeitsplatz der Zukunft\" href=\"http:\/\/www.vsbw.de\/~axhim\/muse\/?page_id=172\">Sicherheit f\u00fcr den Arbeitsplatz der Zukunft<\/a><\/li>\n<li><a title=\"Sichere Fahrzeugkommunikation\" href=\"http:\/\/www.vsbw.de\/~axhim\/muse\/?page_id=174\">Sichere Fahrzeugkommunikation<\/a><\/li>\n<li><a title=\"Echt dezentrales Bootstrapping von P2P-Netzen\" href=\"http:\/\/www.vsbw.de\/~axhim\/muse\/?page_id=176\">Echt dezentrales Bootstrapping von P2P Netzen<\/a><\/li>\n<li><a title=\"Vermeidung von Spam\" href=\"http:\/\/www.vsbw.de\/~axhim\/muse\/?page_id=178\">Vermeidung von Spam<\/a><\/li>\n<li><a title=\"Sichere Dienste-Suche in drahtlosen Sensornetzen\" href=\"http:\/\/www.vsbw.de\/~axhim\/muse\/?page_id=180\">Sichere Dienste-Suche in drahtlosen Sensornetzen<\/a><\/li>\n<\/ul>\n<p>&nbsp;<\/p>\n","protected":false},"excerpt":{"rendered":"<p>Aktuelle und abgeschlossene Projekte von Prof. Dr.-Ing. Hans-Joachim Hof (an der Hochschule M\u00fcnchen, bei der Siemens AG und an der Universit\u00e4t Karlsruhe (TH)). Laufende Projekte Sichere Entwicklung und sicherer Betrieb von Web-Anwendungen Intelligente, hochperformante, intermodale Mobilit\u00e4t (InHMotion) Usable Security Dom\u00e4nenbewertungssystem zur Erkennung von Malware- und Botnet-Servern InSeKt &#8211; Industrie 4.0 Security Kit Breakable Web Application [&hellip;]<\/p>\n","protected":false},"author":1,"featured_media":0,"parent":20,"menu_order":0,"comment_status":"closed","ping_status":"closed","template":"","meta":{"_mi_skip_tracking":false,"_exactmetrics_sitenote_active":false,"_exactmetrics_sitenote_note":"","_exactmetrics_sitenote_category":0,"footnotes":""},"_links":{"self":[{"href":"https:\/\/muse.bayern\/index.php?rest_route=\/wp\/v2\/pages\/200"}],"collection":[{"href":"https:\/\/muse.bayern\/index.php?rest_route=\/wp\/v2\/pages"}],"about":[{"href":"https:\/\/muse.bayern\/index.php?rest_route=\/wp\/v2\/types\/page"}],"author":[{"embeddable":true,"href":"https:\/\/muse.bayern\/index.php?rest_route=\/wp\/v2\/users\/1"}],"replies":[{"embeddable":true,"href":"https:\/\/muse.bayern\/index.php?rest_route=%2Fwp%2Fv2%2Fcomments&post=200"}],"version-history":[{"count":10,"href":"https:\/\/muse.bayern\/index.php?rest_route=\/wp\/v2\/pages\/200\/revisions"}],"predecessor-version":[{"id":343,"href":"https:\/\/muse.bayern\/index.php?rest_route=\/wp\/v2\/pages\/200\/revisions\/343"}],"up":[{"embeddable":true,"href":"https:\/\/muse.bayern\/index.php?rest_route=\/wp\/v2\/pages\/20"}],"wp:attachment":[{"href":"https:\/\/muse.bayern\/index.php?rest_route=%2Fwp%2Fv2%2Fmedia&parent=200"}],"curies":[{"name":"wp","href":"https:\/\/api.w.org\/{rel}","templated":true}]}}