{"id":223,"date":"2014-11-24T20:46:37","date_gmt":"2014-11-24T20:46:37","guid":{"rendered":"http:\/\/www.vsbw.de\/~axhim\/muse\/?page_id=223"},"modified":"2014-11-24T20:59:11","modified_gmt":"2014-11-24T20:59:11","slug":"vergangene-semester","status":"publish","type":"page","link":"https:\/\/muse.bayern\/?page_id=223","title":{"rendered":"Vergangene Semester"},"content":{"rendered":"<h2>Vorlesungen und \u00dcbungen<\/h2>\n<ul>\n<li>Vorlesung <strong>Web Engineering <\/strong>(Master), Hochschule M\u00fcnchen, Fakult\u00e4t f\u00fcr Informatik und Mathematik, Sommersemester 2014.<\/li>\n<li>Vorlesung <strong>IT-Sicherheit <\/strong>(Bachelor), Hochschule M\u00fcnchen, Fakult\u00e4t f\u00fcr Informatik und Mathematik, Sommersemester 2014<\/li>\n<li>Vorlesung <strong>IT-Forensic <\/strong>(Bachelor), Hochschule M\u00fcnchen, Fakult\u00e4t f\u00fcr Informatik und Mathematik, Wintersemester 2013\/2014<\/li>\n<li>Vorlesung <strong>Sicherheit von Web-Anwendungen <\/strong>(Bachelor), Hochschule M\u00fcnchen, Fakult\u00e4t f\u00fcr Informatik und Mathematik, Wintersemester 2013\/2014<\/li>\n<li>Vorlesung <strong>Software-Sicherheit <\/strong>(Master), Hochschule M\u00fcnchen, Fakult\u00e4t f\u00fcr Informatik und Mathematik, Wintersemester 2013\/2014<\/li>\n<li>Vorlesung <strong>IT-Sicherheit <\/strong>(Bachelor), Hochschule M\u00fcnchen, Fakult\u00e4t f\u00fcr Informatik und Mathematik, Sommersemester 2013<\/li>\n<li>Vorlesung <strong>Sicherheit von Web-Anwendungen <\/strong>(Bachelor), Hochschule M\u00fcnchen, Fakult\u00e4t f\u00fcr Informatik und Mathematik, Wintersemester 2012\/2013<\/li>\n<li>Vorlesung <strong>Softwareentwicklung 1 <\/strong>(Bachelor), Hochschule M\u00fcnchen, Fakult\u00e4t f\u00fcr Informatik und Mathematik, Wintersemester 2012\/2013<\/li>\n<li>Vorlesung <strong>Web Engineering <\/strong>(Master), Hochschule M\u00fcnchen, Fakult\u00e4t f\u00fcr Informatik und Mathematik, Wintersemester 2012\/2013<\/li>\n<li>Vorlesung <strong>Software-Sicherheit <\/strong>(Master), Hochschule M\u00fcnchen, Fakult\u00e4t f\u00fcr Informatik und Mathematik, Sommersemester 2012<\/li>\n<li>Vorlesung <strong>Netzsicherheit <\/strong>(Bachelor), Hochschule M\u00fcnchen, Fakult\u00e4t f\u00fcr Informatik und Mathematik, Sommersemester 2012<\/li>\n<li>Vorlesung <strong>IT-Sicherheit <\/strong>(Bachelor), Hochschule M\u00fcnchen, Fakult\u00e4t f\u00fcr Informatik und Mathematik, Sommersemester 2012<\/li>\n<li>Vorlesung <strong>Web Engineering <\/strong>(Master), Hochschule M\u00fcnchen, Fakult\u00e4t f\u00fcr Informatik und Mathematik, Wintersemester 2011\/2012<\/li>\n<li>Vorlesung <strong>Softwareentwicklung 2 <\/strong>(Bachelor), Hochschule M\u00fcnchen, Fakult\u00e4t f\u00fcr Informatik und Mathematik, Wintersemester 2011\/2012<\/li>\n<li>Vorlesung <strong>Sicherheit von Web-Anwendungen <\/strong>(Bachelor), Hochschule M\u00fcnchen, Fakult\u00e4t f\u00fcr Informatik und Mathematik, Wintersemester 2011\/2012<\/li>\n<li>Vorlesung <strong>Softwareentwicklung 1 <\/strong>(Bachelor), Hochschule M\u00fcnchen, Fakult\u00e4t f\u00fcr Informatik und Mathematik, Sommersemester 2011<\/li>\n<li>Vorlesung <strong>IT-Sicherheit <\/strong>(Bachelor), Hochschule M\u00fcnchen, Fakult\u00e4t f\u00fcr Informatik und Mathematik, Sommersemester 2011<\/li>\n<li>Vorlesung <strong>IT-Sicherheit <\/strong>(Bachelor), Hochschule M\u00fcnchen, Fakult\u00e4t f\u00fcr Informatik und Mathematik, Sommersemester 2010<\/li>\n<li>Vorlesung <strong>Netzsicherheit &#8211; Architekturen und Protokolle <\/strong>(Diplom), Universit\u00e4t Karlsruhe (TH), Fakult\u00e4t f\u00fcr Informatik, Institut f\u00fcr Telematik, Sommersemester 2007<\/li>\n<li>Vorlesung <strong>Netzsicherheit &#8211; Architekturen und Protokolle <\/strong>(Diplom), Universit\u00e4t Karlsruhe (TH), Fakult\u00e4t f\u00fcr Informatik, Institut f\u00fcr Telematik, Sommersemester 2006<\/li>\n<li>Vorlesung <strong>Netzsicherheit &#8211; Architekturen und Protokolle <\/strong>(Diplom), Universit\u00e4t Karlsruhe (TH), Fakult\u00e4t f\u00fcr Informatik, Institut f\u00fcr Telematik, Sommersemester 2005<\/li>\n<li>Vorlesung <strong>Informatik 2 <\/strong>(Diplom), Universit\u00e4t Karlsruhe (TH), Fakult\u00e4t f\u00fcr Informatik, Institut f\u00fcr Telematik, Sommersemester 2004<\/li>\n<li>\u00dcbung zu <strong>Informatik 2 <\/strong>(Diplom), Universit\u00e4t Karlsruhe (TH), Fakult\u00e4t f\u00fcr Informatik, Institut f\u00fcr Telematik, Sommersemester 2004<\/li>\n<\/ul>\n<p>&nbsp;<\/p>\n<h2>Seminare und Proseminare<\/h2>\n<ul>\n<li>Seminar <strong>Hacking und Hackerabwehr <\/strong>(Diplom), Universit\u00e4t Karlsruhe (TH), Fakult\u00e4t f\u00fcr Informatik, Institut f\u00fcr Telematik, Wintersemester 2006\/2007<\/li>\n<li>Seminar <strong>Hacking und Hackerabwehr <\/strong>(Diplom), Universit\u00e4t Karlsruhe (TH), Fakult\u00e4t f\u00fcr Informatik, Institut f\u00fcr Telematik, Wintersemester 2005\/2006<\/li>\n<li>Seminar <strong>Sensornetze <\/strong>(Diplom), Universit\u00e4t Karlsruhe (TH), Fakult\u00e4t f\u00fcr Informatik, Institut f\u00fcr Telematik, Wintersemester 2005\/2006<\/li>\n<li>Seminar <strong>Hacking und Hackerabwehr <\/strong>(Diplom), Universit\u00e4t Karlsruhe (TH), Fakult\u00e4t f\u00fcr Informatik, Institut f\u00fcr Telematik, Wintersemester 2004\/2005<\/li>\n<li>Proseminar <strong>Kommunikations- und Rechnernetze<\/strong> (Diplom), Universit\u00e4t Karlsruhe (TH), Fakult\u00e4t f\u00fcr Informatik, Institut f\u00fcr Telematik, Wintersemester 2003\/2004<\/li>\n<\/ul>\n<h2>Praktika<\/h2>\n<ul>\n<li>Praktikum <strong>Web Engineering <\/strong>(Master), Hochschule M\u00fcnchen, Fakult\u00e4t f\u00fcr Informatik und Mathematik, Sommersemester 2014. Das Praktikum findet im Rahmen des EXIST-Programms in Kooperation mit der Fakult\u00e4t f\u00fcr Betriebswirtschaft und der Fakult\u00e4t f\u00fcr Design statt.<\/li>\n<li>Praktikum <strong>IT-Sicherheit <\/strong>(Bachelor), Hochschule M\u00fcnchen, Fakult\u00e4t f\u00fcr Informatik und Mathematik, Sommersemester 2014<\/li>\n<li>Praktikum <strong>IT-Forensic <\/strong>(Bachelor), Hochschule M\u00fcnchen, Fakult\u00e4t f\u00fcr Informatik und Mathematik, Wintersemester 2013\/2014<\/li>\n<li>Praktikum <strong>Sicherheit von Web-Anwendungen <\/strong>(Bachelor), Hochschule M\u00fcnchen, Fakult\u00e4t f\u00fcr Informatik und Mathematik, Wintersemester 2013\/2014<\/li>\n<li>Praktikum <strong>Software-Sicherheit <\/strong>(Master), Hochschule M\u00fcnchen, Fakult\u00e4t f\u00fcr Informatik und Mathematik, Wintersemester 2013\/2014<\/li>\n<li>Praktikum <strong>IT-Sicherheit <\/strong>(Bachelor), Hochschule M\u00fcnchen, Fakult\u00e4t f\u00fcr Informatik und Mathematik, Sommersemester 2013<\/li>\n<li>Praktikum <strong>Sicherheit von Web-Anwendungen <\/strong>(Bachelor), Hochschule M\u00fcnchen, Fakult\u00e4t f\u00fcr Informatik und Mathematik, Wintersemester 2012\/2013<\/li>\n<li>Praktikum <strong>Softwareentwicklung 1 <\/strong>(Bachelor), Hochschule M\u00fcnchen, Fakult\u00e4t f\u00fcr Informatik und Mathematik, Wintersemester 2012\/2013<\/li>\n<li>Praktikum <strong>Web Engineering <\/strong>(Master), Hochschule M\u00fcnchen, Fakult\u00e4t f\u00fcr Informatik und Mathematik, Wintersemester 2012\/2013<\/li>\n<li>Praktikum <strong>Software-Sicherheit <\/strong>(Master), Hochschule M\u00fcnchen, Fakult\u00e4t f\u00fcr Informatik und Mathematik, Sommersemester 2012<\/li>\n<li>Praktikum <strong>Netzsicherheit <\/strong>(Bachelor), Hochschule M\u00fcnchen, Fakult\u00e4t f\u00fcr Informatik und Mathematik, Sommersemester 2012<\/li>\n<li>Praktikum <strong>IT-Sicherheit <\/strong>(Bachelor), Hochschule M\u00fcnchen, Fakult\u00e4t f\u00fcr Informatik und Mathematik, Sommersemester 2012<\/li>\n<li>Praktikum <strong>Web Engineering <\/strong>(Master), Hochschule M\u00fcnchen, Fakult\u00e4t f\u00fcr Informatik und Mathematik, Wintersemester 2011\/2012<\/li>\n<li>Praktikum <strong>Softwareentwicklung 2 <\/strong>(Bachelor), Hochschule M\u00fcnchen, Fakult\u00e4t f\u00fcr Informatik und Mathematik, Wintersemester 2011\/2012<\/li>\n<li>Praktikum <strong>Sicherheit von Web-Anwendungen <\/strong>(Bachelor), Hochschule M\u00fcnchen, Fakult\u00e4t f\u00fcr Informatik und Mathematik, Wintersemester 2011\/2012<\/li>\n<li>Praktikum <strong>Softwareentwicklung 1 <\/strong>(Bachelor), Hochschule M\u00fcnchen, Fakult\u00e4t f\u00fcr Informatik und Mathematik, Sommersemester 2011<\/li>\n<li>Praktikum <strong>IT-Sicherheit <\/strong>(Bachelor), Hochschule M\u00fcnchen, Fakult\u00e4t f\u00fcr Informatik und Mathematik, Sommersemester 2011<\/li>\n<li>Praktikum <strong>IT-Sicherheit <\/strong>(Bachelor), Hochschule M\u00fcnchen, Fakult\u00e4t f\u00fcr Informatik und Mathematik, Sommersemester 2010<\/li>\n<li>Projektpraktikum <strong>Sensornetze <\/strong>(Diplom), Universit\u00e4t Karlsruhe (TH), Fakult\u00e4t f\u00fcr Informatik, Institut f\u00fcr Telematik, Wintersemester 2005\/2006<\/li>\n<li>Praktikum <strong>Telematik <\/strong>(Diplom), Universit\u00e4t Karlsruhe (TH), Fakult\u00e4t f\u00fcr Informatik, Institut f\u00fcr Telematik, Sommersemester 2003<\/li>\n<\/ul>\n<h2>Arbeitsgemeinschaften\/Vortragsreihen<\/h2>\n<ul>\n<li>Vortragsreihe <strong>Datenschutz und IT-Sicherheit<\/strong> (Bachelor\/Master\/Externe), Hochschule M\u00fcnchen, Fakult\u00e4t f\u00fcr Informatik und Mathematik, Sommersemester 2014<\/li>\n<li>Vortragsreihe <strong>Datenschutz und IT-Sicherheit<\/strong> (Bachelor\/Master\/Externe), Hochschule M\u00fcnchen, Fakult\u00e4t f\u00fcr Informatik und Mathematik, Wintersemester 2013\/2014<\/li>\n<li>Vortragsreihe <strong>Datenschutz und IT-Sicherheit<\/strong> (Bachelor\/Master\/Externe), Hochschule M\u00fcnchen, Fakult\u00e4t f\u00fcr Informatik und Mathematik, Wintersemester 2013<\/li>\n<li>Arbeitsgemeinschaft <strong>Sensornetze <\/strong>(Diplom), Universit\u00e4t Karlsruhe (TH), Fakult\u00e4t f\u00fcr Informatik, Institut f\u00fcr Telematik, Wintersemester 2007\/2008<\/li>\n<\/ul>\n<h2>Gastvortr\u00e4ge und Gastvorlesungen<\/h2>\n<ul>\n<li>Gastvortrag <strong>&#8220;IT Sicherheit &#8211; Quo Vadis?&#8221;<\/strong>, Regionalgruppe M\u00fcnchen der Gesellschaft f\u00fcr Informatik und des German Chapters of the ACM, 03.11.2014<\/li>\n<li>Keynote \u201e<strong>Cybersicherheit der Zukunft<\/strong>\u201c im M\u00fcnchener Unternehmerkreis IT, 24.04.2014<\/li>\n<li>Vortrag \u201e<strong>Usability und Authentifizierung &#8211; ein Widerspruch?\u201c<\/strong> im Software Forum Leipzig, 25.11.2013<\/li>\n<li>Vortrag \u201e<strong>IT Sicherheit und Usability<\/strong> &#8211; ein Widerspruch?\u201c auf der ACM IT-Security Live, 26.04.2013<\/li>\n<li>Vorlesungseinheit \u201e<strong>Live Hacking \u2013 einem Hacker \u00fcber die Schulter geschaut<\/strong>\u201c, Studieninformationstag der Hochschule M\u00fcnchen, 20.04.2013<\/li>\n<li>Vortrag \u201e<strong>Sicherheit von Cyber-Physical Systems (CPS)<\/strong>\u201c bei der Armed Forces Communications and Electronics Association (AFCEA) M\u00fcnchen, 10.10.2012<\/li>\n<li>Vorlesungseinheit \u201e<strong>Industrielle Anwendungen von Sensornetzen<\/strong>\u201c in der Vorlesung Sicherheit in Sensornetzen, TU M\u00fcnchen, Fakult\u00e4t f\u00fcr Informatik, 05.06.2012<\/li>\n<li>Vorlesungseinheit \u201e<strong>Industrielle Anwendungen von Sensornetzen<\/strong>\u201c in der Vorlesung Sicherheit in Sensornetzen, TU M\u00fcnchen, Fakult\u00e4t f\u00fcr Informatik, 12.07.2011<\/li>\n<li>Vortrag \u201e<strong>Software Security Meets Scrum\u201c,<\/strong> ACM IT-Security Live, 07.04.2011<\/li>\n<li>Vorlesungseinheit \u201e<strong>Industrielle Anwendungen von Sensornetzen<\/strong>\u201c in der Vorlesung Drahtlose Sensor-Aktor-Netze, Universit\u00e4t Karlsruhe (TH), Fakult\u00e4t f\u00fcr Informatik, Institut f\u00fcr Telematik, 02.11.2010<\/li>\n<li>Vorlesungseinheit \u201e<strong>Industrielle Anwendungen von Sensornetzen<\/strong>\u201c in der Vorlesung Drahtlose Sensor-Aktor-Netze, Universit\u00e4t Karlsruhe (TH), Fakult\u00e4t f\u00fcr Informatik, Institut f\u00fcr Telematik, 10.11.2009<\/li>\n<li>Gastvortrag &#8220;<strong>Sicherheit in drahtlosen Sensornetzen<\/strong>&#8221; im Seminars Sensorknoten: Netz, Betrieb und Anwendungen, TU M\u00fcnchen, Fakult\u00e4t f\u00fcr Informatik, 14.07.2009<\/li>\n<li>Gastvortrag \u201e<strong>Sicherheit in drahtlosen Sensornetzen<\/strong>\u201c in der Vorlesung Datenschutz und IT-Sicherheit, Hochschule M\u00fcnchen, Fakult\u00e4t f\u00fcr Informatik und Mathematik, 17.06.2009<\/li>\n<\/ul>\n","protected":false},"excerpt":{"rendered":"<p>Vorlesungen und \u00dcbungen Vorlesung Web Engineering (Master), Hochschule M\u00fcnchen, Fakult\u00e4t f\u00fcr Informatik und Mathematik, Sommersemester 2014. Vorlesung IT-Sicherheit (Bachelor), Hochschule M\u00fcnchen, Fakult\u00e4t f\u00fcr Informatik und Mathematik, Sommersemester 2014 Vorlesung IT-Forensic (Bachelor), Hochschule M\u00fcnchen, Fakult\u00e4t f\u00fcr Informatik und Mathematik, Wintersemester 2013\/2014 Vorlesung Sicherheit von Web-Anwendungen (Bachelor), Hochschule M\u00fcnchen, Fakult\u00e4t f\u00fcr Informatik und Mathematik, Wintersemester 2013\/2014 Vorlesung [&hellip;]<\/p>\n","protected":false},"author":1,"featured_media":0,"parent":194,"menu_order":0,"comment_status":"closed","ping_status":"closed","template":"","meta":{"_mi_skip_tracking":false,"_exactmetrics_sitenote_active":false,"_exactmetrics_sitenote_note":"","_exactmetrics_sitenote_category":0,"footnotes":""},"_links":{"self":[{"href":"https:\/\/muse.bayern\/index.php?rest_route=\/wp\/v2\/pages\/223"}],"collection":[{"href":"https:\/\/muse.bayern\/index.php?rest_route=\/wp\/v2\/pages"}],"about":[{"href":"https:\/\/muse.bayern\/index.php?rest_route=\/wp\/v2\/types\/page"}],"author":[{"embeddable":true,"href":"https:\/\/muse.bayern\/index.php?rest_route=\/wp\/v2\/users\/1"}],"replies":[{"embeddable":true,"href":"https:\/\/muse.bayern\/index.php?rest_route=%2Fwp%2Fv2%2Fcomments&post=223"}],"version-history":[{"count":4,"href":"https:\/\/muse.bayern\/index.php?rest_route=\/wp\/v2\/pages\/223\/revisions"}],"predecessor-version":[{"id":232,"href":"https:\/\/muse.bayern\/index.php?rest_route=\/wp\/v2\/pages\/223\/revisions\/232"}],"up":[{"embeddable":true,"href":"https:\/\/muse.bayern\/index.php?rest_route=\/wp\/v2\/pages\/194"}],"wp:attachment":[{"href":"https:\/\/muse.bayern\/index.php?rest_route=%2Fwp%2Fv2%2Fmedia&parent=223"}],"curies":[{"name":"wp","href":"https:\/\/api.w.org\/{rel}","templated":true}]}}