{"id":258,"date":"2014-11-26T07:09:15","date_gmt":"2014-11-26T07:09:15","guid":{"rendered":"http:\/\/www.vsbw.de\/~axhim\/muse\/?page_id=258"},"modified":"2015-06-24T15:12:56","modified_gmt":"2015-06-24T15:12:56","slug":"breakable-web-application-brew","status":"publish","type":"page","link":"https:\/\/muse.bayern\/?page_id=258","title":{"rendered":"Breakable Web Application (BREW)"},"content":{"rendered":"<p>Breakable Web Application (BREW) ist eine Online-Lernumgebung f\u00fcr die Lehre im Bereich Sicherheit von Web-Anwendungen. BREW folgt dem an der MuSe &#8211; Munich IT Security Research Group entwickelten Hackveloper Ansatz, der es den Studierenden erm\u00f6glicht, einfach zwischen der Entwicklersicht und der Hacker-Sicht zu wechseln, um so ein tieferes Verst\u00e4ndnis f\u00fcr das Zusammenspiel von Verwundbarkeiten und Schutzmechanismen zu bekommen. BREW eignet sich sowohl f\u00fcr weniger erfahrene Studierende als auch f\u00fcr Studierende mit gro\u00dfen Vorkenntnissen. Dem Kenntnisstand angepasste Aufgaben aus f\u00fcr den Schutz von Web-Anwendungen wesentlichen Themenfeldern sorgen f\u00fcr Erfolgserlebnisse bei den Studierenden und erh\u00f6hen die Motivation, sich tiefgreifend mit der Sicherheit von Web-Anwendungen zu besch\u00e4ftigen.<\/p>\n<p>BREW wurde sowohl an Hochschulen f\u00fcr angewandte Wissenschaften wie an Universit\u00e4ten sowohl in Deutschland als auch international erfolgreich eingesetzt.<\/p>\n<div class=\"widget_wysija_cont shortcode_wysija\"><div id=\"msg-form-wysija-shortcode69f47831c53b9-1\" class=\"wysija-msg ajax\"><\/div><form id=\"form-wysija-shortcode69f47831c53b9-1\" method=\"post\" action=\"#wysija\" class=\"widget_wysija shortcode_wysija\">\n\nInteressierte an Neuigkeiten zu BREW? Dann tragen Sie sich in unsere Mailingliste ein!\n<p class=\"wysija-paragraph\">\n    \n    \n    \t<input type=\"text\" name=\"wysija[user][email]\" class=\"wysija-input validate[required,custom[email]]\" title=\"Email\" placeholder=\"Email\" value=\"\" \/>\n    \n    \n    \n    <span class=\"abs-req\">\n        <input type=\"text\" name=\"wysija[user][abs][email]\" class=\"wysija-input validated[abs][email]\" value=\"\" \/>\n    <\/span>\n    \n<\/p>\n\r\n<input class=\"wysija-submit wysija-submit-field\" type=\"submit\" value=\"Subscribe!\" \/>\n\n    <input type=\"hidden\" name=\"form_id\" value=\"1\" \/>\n    <input type=\"hidden\" name=\"action\" value=\"save\" \/>\n    <input type=\"hidden\" name=\"controller\" value=\"subscribers\" \/>\n    <input type=\"hidden\" value=\"1\" name=\"wysija-page\" \/>\n\n    \n        <input type=\"hidden\" name=\"wysija[user_list][list_ids]\" value=\"5\" \/>\n    \n <\/form><\/div>\n<p>BREW ist Open Source Software, eine aktuelle Version k\u00f6nnen Sie bei Bitbucket herunterladen: <a href=\"https:\/\/github.com\/c00clupea\/brew\" target=\"_blank\">Repository<\/a><\/p>\n","protected":false},"excerpt":{"rendered":"<p>Breakable Web Application (BREW) ist eine Online-Lernumgebung f\u00fcr die Lehre im Bereich Sicherheit von Web-Anwendungen. BREW folgt dem an der MuSe &#8211; Munich IT Security Research Group entwickelten Hackveloper Ansatz, der es den Studierenden erm\u00f6glicht, einfach zwischen der Entwicklersicht und der Hacker-Sicht zu wechseln, um so ein tieferes Verst\u00e4ndnis f\u00fcr das Zusammenspiel von Verwundbarkeiten und [&hellip;]<\/p>\n","protected":false},"author":1,"featured_media":0,"parent":200,"menu_order":0,"comment_status":"closed","ping_status":"closed","template":"","meta":{"_mi_skip_tracking":false,"_exactmetrics_sitenote_active":false,"_exactmetrics_sitenote_note":"","_exactmetrics_sitenote_category":0,"footnotes":""},"_links":{"self":[{"href":"https:\/\/muse.bayern\/index.php?rest_route=\/wp\/v2\/pages\/258"}],"collection":[{"href":"https:\/\/muse.bayern\/index.php?rest_route=\/wp\/v2\/pages"}],"about":[{"href":"https:\/\/muse.bayern\/index.php?rest_route=\/wp\/v2\/types\/page"}],"author":[{"embeddable":true,"href":"https:\/\/muse.bayern\/index.php?rest_route=\/wp\/v2\/users\/1"}],"replies":[{"embeddable":true,"href":"https:\/\/muse.bayern\/index.php?rest_route=%2Fwp%2Fv2%2Fcomments&post=258"}],"version-history":[{"count":4,"href":"https:\/\/muse.bayern\/index.php?rest_route=\/wp\/v2\/pages\/258\/revisions"}],"predecessor-version":[{"id":452,"href":"https:\/\/muse.bayern\/index.php?rest_route=\/wp\/v2\/pages\/258\/revisions\/452"}],"up":[{"embeddable":true,"href":"https:\/\/muse.bayern\/index.php?rest_route=\/wp\/v2\/pages\/200"}],"wp:attachment":[{"href":"https:\/\/muse.bayern\/index.php?rest_route=%2Fwp%2Fv2%2Fmedia&parent=258"}],"curies":[{"name":"wp","href":"https:\/\/api.w.org\/{rel}","templated":true}]}}