{"id":326,"date":"2014-12-09T09:48:30","date_gmt":"2014-12-09T09:48:30","guid":{"rendered":"http:\/\/www.vsbw.de\/~axhim\/muse\/?page_id=326"},"modified":"2015-08-11T08:32:47","modified_gmt":"2015-08-11T08:32:47","slug":"jobs","status":"publish","type":"page","link":"https:\/\/muse.bayern\/?page_id=326","title":{"rendered":"Jobs"},"content":{"rendered":"<p>Die MuSe &#8211; Munich IT Security Research Group besch\u00e4ftigt kontinuierlich studentische Hilfskr\u00e4fte, wissenschaftliche Mitarbeiter und Doktoranden im Bereich IT-Sicherheit. Sollten keine Stellen ausgeschrieben sein k\u00f6nnen Sie auch Initiativbewerbungen senden an <a href=\"mailto:sekretariat@muse.bayern\">sekretariat@muse.bayern<\/a> oder Sie halten R\u00fccksprache mit Professor Hof.<\/p>\n<p>Aktuell ausgeschrieben Stellen (bitte die dort angegebene Kontaktadresse verwenden)<\/p>\n<p>*** aktuell keine Ausschreibungen ***<\/p>\n","protected":false},"excerpt":{"rendered":"<p>Die MuSe &#8211; Munich IT Security Research Group besch\u00e4ftigt kontinuierlich studentische Hilfskr\u00e4fte, wissenschaftliche Mitarbeiter und Doktoranden im Bereich IT-Sicherheit. Sollten keine Stellen ausgeschrieben sein k\u00f6nnen Sie auch Initiativbewerbungen senden an sekretariat@muse.bayern oder Sie halten R\u00fccksprache mit Professor Hof. Aktuell ausgeschrieben Stellen (bitte die dort angegebene Kontaktadresse verwenden) *** aktuell keine Ausschreibungen ***<\/p>\n","protected":false},"author":1,"featured_media":0,"parent":0,"menu_order":0,"comment_status":"closed","ping_status":"closed","template":"","meta":{"_mi_skip_tracking":false,"_exactmetrics_sitenote_active":false,"_exactmetrics_sitenote_note":"","_exactmetrics_sitenote_category":0,"footnotes":""},"_links":{"self":[{"href":"https:\/\/muse.bayern\/index.php?rest_route=\/wp\/v2\/pages\/326"}],"collection":[{"href":"https:\/\/muse.bayern\/index.php?rest_route=\/wp\/v2\/pages"}],"about":[{"href":"https:\/\/muse.bayern\/index.php?rest_route=\/wp\/v2\/types\/page"}],"author":[{"embeddable":true,"href":"https:\/\/muse.bayern\/index.php?rest_route=\/wp\/v2\/users\/1"}],"replies":[{"embeddable":true,"href":"https:\/\/muse.bayern\/index.php?rest_route=%2Fwp%2Fv2%2Fcomments&post=326"}],"version-history":[{"count":4,"href":"https:\/\/muse.bayern\/index.php?rest_route=\/wp\/v2\/pages\/326\/revisions"}],"predecessor-version":[{"id":493,"href":"https:\/\/muse.bayern\/index.php?rest_route=\/wp\/v2\/pages\/326\/revisions\/493"}],"wp:attachment":[{"href":"https:\/\/muse.bayern\/index.php?rest_route=%2Fwp%2Fv2%2Fmedia&parent=326"}],"curies":[{"name":"wp","href":"https:\/\/api.w.org\/{rel}","templated":true}]}}