{"id":5,"date":"2014-11-20T20:05:54","date_gmt":"2014-11-20T20:05:54","guid":{"rendered":"http:\/\/www.vsbw.de\/~axhim\/muse\/?page_id=5"},"modified":"2021-08-18T22:22:45","modified_gmt":"2021-08-18T22:22:45","slug":"welcome","status":"publish","type":"page","link":"https:\/\/muse.bayern\/","title":{"rendered":"Willkommen und Tsch\u00fcss!"},"content":{"rendered":"<p>Herzlich willkommen auf den Webseiten der MuSe &#8211; Munich IT Security Research Group.<strong> Diese Seite wird nicht mehr aktiv gepflegt<\/strong>, f\u00fcr aktuelle Neuigkeiten besuchen Sie bitte die Webseite der <a href=\"http:\/\/insi.science\">INSicherheit &#8211; Ingolst\u00e4dter Forschungsgruppe Angewandte IT-Sicherheit<\/a><\/p>\n<p>MuSe war eine Forschungsgruppe an der <a title=\"Fakult\u00e4t f\u00fcr Informatik und Mathematik\" href=\"http:\/\/www.cs.hm.edu\" target=\"_blank\" rel=\"noopener\">Fakult\u00e4t f\u00fcr Informatik und Mathematik<\/a> an der <a title=\"Hochschule M\u00fcnchen\" href=\"http:\/\/www.hm.edu\" target=\"_blank\" rel=\"noopener\">Hochschule M\u00fcnchen<\/a>.<\/p>\n<div id=\"attachment_130\" style=\"width: 231px\" class=\"wp-caption alignleft\"><a href=\"https:\/\/muse.bayern\/wp-content\/uploads\/2014\/11\/hof_klein.jpg\"><img loading=\"lazy\" decoding=\"async\" aria-describedby=\"caption-attachment-130\" class=\" wp-image-130\" src=\"https:\/\/muse.bayern\/wp-content\/uploads\/2014\/11\/hof_klein.jpg\" alt=\"Prof. Dr.-Ing. Hans-Joachim Hof\" width=\"221\" height=\"166\" \/><\/a><p id=\"caption-attachment-130\" class=\"wp-caption-text\">Prof. Dr.-Ing. Hans-Joachim Hof<\/p><\/div>\n<p>MuSe war Mitglied im <a href=\"http:\/\/www.wirtschaftsinformatik-muenchen.de\/\" target=\"_blank\" rel=\"noopener\">Competence Center Wirtschaftsinformatik<\/a> sowie in der hochschul\u00fcbergreifenden Arbeitsgemeinschaft \u201cLaboratory for Safe and Secure Systems (AG LaS\u00b3)&#8221;. Geleitet wurde MuSe von <a title=\"Prof. Dr.-Ing. Hans-Joachim Hof\" href=\"http:\/\/www.vsbw.de\/~axhim\/muse\/?page_id=47\">Prof. Dr.-Ing. Hans-Joachim Hof, <\/a>Chairman des <a href=\"http:\/\/germany.acm.org\" target=\"_blank\" rel=\"noopener\">German Chapter of the ACM<\/a>. MuSe forschte in den Themenfeldern Software-Sicherheit, Netzsicherheit, Datenschutz sowie Didaktik der IT-Sicherheit in Kooperation mit nationalen und internationalen industriellen und akademischen Partnern. Zu den bekanntesten Arbeiten geh\u00f6rt<a href=\"https:\/\/www.thinkmind.org\/download.php?articleid=securware_2015_1_50_30099\"> Secure Scrum<\/a>, ein Verfahren zur Entwicklung sicherer Software mit Scrum.<\/p>\n<p>Im Jahr 2016 wurde Professor Hof an die <a href=\"https:\/\/www.thi.de\/elektrotechnik-und-informatik\/willkommen-an-der-fakultaet-ei\/\">Fakult\u00e4t Elektrotechnik und Informatik<\/a> der <a href=\"http:\/\/www.thi.de\">Technischen Hochschule Ingolstad<\/a> berufen, mit Beginn des Sommersemesters 2018 enden seine T\u00e4tigkeiten an der <a title=\"Hochschule M\u00fcnchen\" href=\"http:\/\/www.hm.edu\" target=\"_blank\" rel=\"noopener\">Hochschule M\u00fcnchen<\/a>. Die Forschungsgruppe MuSe wurde zum Beginn des Sommersemesters 2018 aufgel\u00f6st.<\/p>\n<p>Professor Hof leitete an der <a href=\"http:\/\/www.thi.de\">Technischen Hochschule Ingolstad<\/a> die Forschungsgruppe<a href=\"http:\/\/insi.science\"> INSicherheit &#8211; Ingolst\u00e4dter Forschungsgruppe Angewandte IT-Sicherheit.<\/a> Die Forschungsgruppe ist inzwischen in der <a href=\"https:\/\/www.thi.de\/forschung\/carissma\/c-ecos\/automotive-security\">Forschungsgruppe &#8220;Secure Mobility&#8221;<\/a> im <a href=\"https:\/\/www.thi.de\/forschung\/carissma\/c-ecos\">CARISSMA Institute of Electric, Connected, and Secure Mobility (C-ECOS)<\/a> aufgegangen. Die Gruppe wird ebenfalls von Professor Hof geleitet. Aktuelle Forschungsschwerpunkte der Gruppe sind Automotive IT Security, Entwicklunger sicherer Automotive Software und Sicherheit f\u00fcr das Internet der Dinge. F\u00fcr weitere Informationen besuchen Sie bitte die Webseite der <a href=\"http:\/\/insi.science\"> INSicherheit &#8211; Ingolst\u00e4dter Forschungsgruppe Angewandte IT-Sicherheit.<\/a><\/p>\n<h2>Aktuelles<\/h2>\n<p><strong>Hinweis: diese Seite wird nicht mehr aktualisiert (siehe oben)<\/strong><\/p>\n\n\n<div class=\"su-posts su-posts-default-loop \">\n\n\t\n\t\t\t\t\t\n\t\t\t\n\t\t\t<div id=\"su-post-849\" class=\"su-post \">\n\n\t\t\t\t\t\t\t\t\t<a class=\"su-post-thumbnail\" href=\"https:\/\/muse.bayern\/?p=849\"><img loading=\"lazy\" decoding=\"async\" width=\"720\" height=\"360\" src=\"https:\/\/muse.bayern\/wp-content\/uploads\/2017\/11\/Award_1511366400.jpg\" class=\"attachment-post-thumbnail size-post-thumbnail wp-post-image\" alt=\"\" srcset=\"https:\/\/muse.bayern\/wp-content\/uploads\/2017\/11\/Award_1511366400.jpg 1280w, https:\/\/muse.bayern\/wp-content\/uploads\/2017\/11\/Award_1511366400-300x150.jpg 300w, https:\/\/muse.bayern\/wp-content\/uploads\/2017\/11\/Award_1511366400-768x384.jpg 768w, https:\/\/muse.bayern\/wp-content\/uploads\/2017\/11\/Award_1511366400-1024x512.jpg 1024w\" sizes=\"(max-width: 720px) 100vw, 720px\" \/><\/a>\n\t\t\t\t\n\t\t\t\t<h2 class=\"su-post-title\"><a href=\"https:\/\/muse.bayern\/?p=849\">Professor Hof erh\u00e4lt Best Paper Award<\/a><\/h2>\n\n\t\t\t\t<div class=\"su-post-meta\">\n\t\t\t\t\tPosted: 22\/11\/2017\t\t\t\t<\/div>\n\n\t\t\t\t<div class=\"su-post-excerpt\">\n\t\t\t\t\t<p>Lukas P\u00fcrgstein (geb. Braun) und Prof. Dr. Hans-Joachim Hof haben f\u00fcr Ihre Ver\u00f6ffentlichung &#8220;A System to Save the Internet from the Malicious Internet of Things at Home&#8221; den Best Paper Award der angesehenen Konferenz &#8220;The Eleventh International Conference on Emerging Security Information, Systems and Technologies&#8221; erhalten. Herr P\u00fcrgstein wird von Prof. Hof im Rahmen des [&hellip;]<\/p>\n\t\t\t\t<\/div>\n\n\t\t\t\t\n\t\t\t<\/div>\n\n\t\t\t\t\t\n\t\t\t\n\t\t\t<div id=\"su-post-835\" class=\"su-post \">\n\n\t\t\t\t\t\t\t\t\t<a class=\"su-post-thumbnail\" href=\"https:\/\/muse.bayern\/?p=835\"><img loading=\"lazy\" decoding=\"async\" width=\"572\" height=\"380\" src=\"https:\/\/muse.bayern\/wp-content\/uploads\/2017\/09\/Tagung_1506064695.jpg\" class=\"attachment-post-thumbnail size-post-thumbnail wp-post-image\" alt=\"\" srcset=\"https:\/\/muse.bayern\/wp-content\/uploads\/2017\/09\/Tagung_1506064695.jpg 1280w, https:\/\/muse.bayern\/wp-content\/uploads\/2017\/09\/Tagung_1506064695-300x199.jpg 300w, https:\/\/muse.bayern\/wp-content\/uploads\/2017\/09\/Tagung_1506064695-768x510.jpg 768w, https:\/\/muse.bayern\/wp-content\/uploads\/2017\/09\/Tagung_1506064695-1024x680.jpg 1024w\" sizes=\"(max-width: 572px) 100vw, 572px\" \/><\/a>\n\t\t\t\t\n\t\t\t\t<h2 class=\"su-post-title\"><a href=\"https:\/\/muse.bayern\/?p=835\">Professor Hof wird Mitglied im Programmkomitee der SICHERHEIT 2018<\/a><\/h2>\n\n\t\t\t\t<div class=\"su-post-meta\">\n\t\t\t\t\tPosted: 22\/09\/2017\t\t\t\t<\/div>\n\n\t\t\t\t<div class=\"su-post-excerpt\">\n\t\t\t\t\t<p>Die SICHERHEIT 2018 ist die regelm\u00e4\u00dfig stattfindende Fachtagung des Fachbereichs \u201eSicherheit \u2013 Schutz und Zuverl\u00e4ssigkeit\u201c der Gesellschaft f\u00fcr Informatik e.V. Sie bietet einem Publikum aus Forschung, Entwicklung und Anwendung ein Forum zur Diskussion von Herausforderungen, Trends, Techniken und neuesten wissenschaftlichen und industriellen Ergebnissen. Die Tagung deckt alle Aspekte der Sicherheit informationstechnischer Systeme ab und versucht [&hellip;]<\/p>\n\t\t\t\t<\/div>\n\n\t\t\t\t\n\t\t\t<\/div>\n\n\t\t\t\t\t\n\t\t\t\n\t\t\t<div id=\"su-post-813\" class=\"su-post \">\n\n\t\t\t\t\t\t\t\t\t<a class=\"su-post-thumbnail\" href=\"https:\/\/muse.bayern\/?p=813\"><img loading=\"lazy\" decoding=\"async\" width=\"194\" height=\"255\" src=\"https:\/\/muse.bayern\/wp-content\/uploads\/2017\/09\/hans-joachim-hof2.jpg\" class=\"attachment-post-thumbnail size-post-thumbnail wp-post-image\" alt=\"\" \/><\/a>\n\t\t\t\t\n\t\t\t\t<h2 class=\"su-post-title\"><a href=\"https:\/\/muse.bayern\/?p=813\">Professor Hof im aktuellen &#8220;People of the ACM&#8221;<\/a><\/h2>\n\n\t\t\t\t<div class=\"su-post-meta\">\n\t\t\t\t\tPosted: 18\/09\/2017\t\t\t\t<\/div>\n\n\t\t\t\t<div class=\"su-post-excerpt\">\n\t\t\t\t\t<p>Professor Dr. Hans-Joachim Hof wird im aktuellen &#8220;People of the ACM&#8221; vorgestellt, Artikel siehe hier: Link. Er berichtet in dem Artikel unter anderem dar\u00fcber, wie er zum Thema IT-Sicherheit kam, berichtet \u00fcber aktuelle Entwicklungen der IT-Sicherheit und gibt jungen Kollegen Tipps f\u00fcr eine Karriere im Bereich IT-Sicherheit. Professor Hof leitet an der Technischen Hochschule Ingolstadt [&hellip;]<\/p>\n\t\t\t\t<\/div>\n\n\t\t\t\t\n\t\t\t<\/div>\n\n\t\t\t\t\t\n\t\t\t\n\t\t\t<div id=\"su-post-810\" class=\"su-post \">\n\n\t\t\t\t\t\t\t\t\t<a class=\"su-post-thumbnail\" href=\"https:\/\/muse.bayern\/?p=810\"><img loading=\"lazy\" decoding=\"async\" width=\"720\" height=\"380\" src=\"https:\/\/muse.bayern\/wp-content\/uploads\/2017\/07\/CARISSMA-720x380.jpg\" class=\"attachment-post-thumbnail size-post-thumbnail wp-post-image\" alt=\"\" \/><\/a>\n\t\t\t\t\n\t\t\t\t<h2 class=\"su-post-title\"><a href=\"https:\/\/muse.bayern\/?p=810\">Professor Hof wird Mitglied im Center of Automotive Research on Integrated Safety Systems and Measurement Area<\/a><\/h2>\n\n\t\t\t\t<div class=\"su-post-meta\">\n\t\t\t\t\tPosted: 28\/07\/2017\t\t\t\t<\/div>\n\n\t\t\t\t<div class=\"su-post-excerpt\">\n\t\t\t\t\t<p>Prof. Dr. Hans-Joachim Hof wurde k\u00fcrzlich in das Center of Automotive Research on Integrated Safety Systems and Measurement Area (CARISSMA) aufgenommen. Zusammen mit seinen Forschungsgruppen INSicherheit &#8211; Ingolst\u00e4dter Forschungsgruppe angewandte IT-Sicherheit und MuSe &#8211; Munich IT Security Research Group wird er dort die Wechselwirkung von Security und Safety betrachten sowie an der allgemeinen Absicherung der [&hellip;]<\/p>\n\t\t\t\t<\/div>\n\n\t\t\t\t\n\t\t\t<\/div>\n\n\t\t\t\t\t\n\t\t\t\n\t\t\t<div id=\"su-post-805\" class=\"su-post \">\n\n\t\t\t\t\t\t\t\t\t<a class=\"su-post-thumbnail\" href=\"https:\/\/muse.bayern\/?p=805\"><img loading=\"lazy\" decoding=\"async\" width=\"600\" height=\"380\" src=\"https:\/\/muse.bayern\/wp-content\/uploads\/2017\/06\/Zeitung-600px-600x380.jpg\" class=\"attachment-post-thumbnail size-post-thumbnail wp-post-image\" alt=\"\" \/><\/a>\n\t\t\t\t\n\t\t\t\t<h2 class=\"su-post-title\"><a href=\"https:\/\/muse.bayern\/?p=805\">Interview mit Professor Hans-Joachim Hof im Donaukurier erschienen: &#8220;Ich rechne t\u00e4glich mit einem digitalen Tschernobyl&#8221;<\/a><\/h2>\n\n\t\t\t\t<div class=\"su-post-meta\">\n\t\t\t\t\tPosted: 07\/06\/2017\t\t\t\t<\/div>\n\n\t\t\t\t<div class=\"su-post-excerpt\">\n\t\t\t\t\t<p>Ein Interview mit Professor Hans-Joachim Hof ist k\u00fcrzlich im Donaukurier erschieben mit dem Titel &#8220;Ich rechte t\u00e4glich mit einem digitalen Tschernobyl&#8221;: Link. Professor Hof vertritt an der Technischen Hochschule Ingolstadt das Lehr- und Forschungsgebiet &#8220;IT-Sicherheit&#8221; und leitet dort die Forschungsgruppe &#8220;INSicherheit &#8211; Ingolst\u00e4dter Forschungsgruppe Angewandte IT-Sicherheit&#8220;. Dar\u00fcber hinaus ist Professor Hof Dozent an der Hochschule [&hellip;]<\/p>\n\t\t\t\t<\/div>\n\n\t\t\t\t\n\t\t\t<\/div>\n\n\t\t\n\t\n<\/div>\n\n","protected":false},"excerpt":{"rendered":"<p>Herzlich willkommen auf den Webseiten der MuSe &#8211; Munich IT Security Research Group. Diese Seite wird nicht mehr aktiv gepflegt, f\u00fcr aktuelle Neuigkeiten besuchen Sie bitte die Webseite der INSicherheit &#8211; Ingolst\u00e4dter Forschungsgruppe Angewandte IT-Sicherheit MuSe war eine Forschungsgruppe an der Fakult\u00e4t f\u00fcr Informatik und Mathematik an der Hochschule M\u00fcnchen. MuSe war Mitglied im Competence [&hellip;]<\/p>\n","protected":false},"author":1,"featured_media":0,"parent":0,"menu_order":0,"comment_status":"closed","ping_status":"closed","template":"","meta":{"_mi_skip_tracking":false,"_exactmetrics_sitenote_active":false,"_exactmetrics_sitenote_note":"","_exactmetrics_sitenote_category":0,"footnotes":""},"_links":{"self":[{"href":"https:\/\/muse.bayern\/index.php?rest_route=\/wp\/v2\/pages\/5"}],"collection":[{"href":"https:\/\/muse.bayern\/index.php?rest_route=\/wp\/v2\/pages"}],"about":[{"href":"https:\/\/muse.bayern\/index.php?rest_route=\/wp\/v2\/types\/page"}],"author":[{"embeddable":true,"href":"https:\/\/muse.bayern\/index.php?rest_route=\/wp\/v2\/users\/1"}],"replies":[{"embeddable":true,"href":"https:\/\/muse.bayern\/index.php?rest_route=%2Fwp%2Fv2%2Fcomments&post=5"}],"version-history":[{"count":24,"href":"https:\/\/muse.bayern\/index.php?rest_route=\/wp\/v2\/pages\/5\/revisions"}],"predecessor-version":[{"id":861,"href":"https:\/\/muse.bayern\/index.php?rest_route=\/wp\/v2\/pages\/5\/revisions\/861"}],"wp:attachment":[{"href":"https:\/\/muse.bayern\/index.php?rest_route=%2Fwp%2Fv2%2Fmedia&parent=5"}],"curies":[{"name":"wp","href":"https:\/\/api.w.org\/{rel}","templated":true}]}}