{"id":817,"date":"2017-09-20T09:11:53","date_gmt":"2017-09-20T09:11:53","guid":{"rendered":"http:\/\/muse.bayern\/?page_id=817"},"modified":"2017-09-20T09:13:54","modified_gmt":"2017-09-20T09:13:54","slug":"jasmin-bruckmann","status":"publish","type":"page","link":"https:\/\/muse.bayern\/?page_id=817","title":{"rendered":"Jasmin Br\u00fcckmann"},"content":{"rendered":"<p>Jasmin Br\u00fcckmann<br \/>\nMuSe &#8211; Munich IT Security Research Group<br \/>\nFakult\u00e4t f\u00fcr Informatik und Mathematik<br \/>\nHochschule M\u00fcnchen<br \/>\nLothstra\u00dfe 64<br \/>\n80335 M\u00fcnchen<\/p>\n<p>E-Mail: <a href=\"mailto:brueckma@hm.edu\">brueckma@hm.edu<\/a><\/p>\n<h2>Fachgebiet<\/h2>\n<ul class=\"list-contact-person-detail\">\n<li>Automotive IT-Security<\/li>\n<\/ul>\n","protected":false},"excerpt":{"rendered":"<p>Jasmin Br\u00fcckmann MuSe &#8211; Munich IT Security Research Group Fakult\u00e4t f\u00fcr Informatik und Mathematik Hochschule M\u00fcnchen Lothstra\u00dfe 64 80335 M\u00fcnchen E-Mail: brueckma@hm.edu Fachgebiet Automotive IT-Security<\/p>\n","protected":false},"author":1,"featured_media":0,"parent":10,"menu_order":0,"comment_status":"closed","ping_status":"closed","template":"","meta":{"_mi_skip_tracking":false,"_exactmetrics_sitenote_active":false,"_exactmetrics_sitenote_note":"","_exactmetrics_sitenote_category":0,"footnotes":""},"_links":{"self":[{"href":"https:\/\/muse.bayern\/index.php?rest_route=\/wp\/v2\/pages\/817"}],"collection":[{"href":"https:\/\/muse.bayern\/index.php?rest_route=\/wp\/v2\/pages"}],"about":[{"href":"https:\/\/muse.bayern\/index.php?rest_route=\/wp\/v2\/types\/page"}],"author":[{"embeddable":true,"href":"https:\/\/muse.bayern\/index.php?rest_route=\/wp\/v2\/users\/1"}],"replies":[{"embeddable":true,"href":"https:\/\/muse.bayern\/index.php?rest_route=%2Fwp%2Fv2%2Fcomments&post=817"}],"version-history":[{"count":3,"href":"https:\/\/muse.bayern\/index.php?rest_route=\/wp\/v2\/pages\/817\/revisions"}],"predecessor-version":[{"id":823,"href":"https:\/\/muse.bayern\/index.php?rest_route=\/wp\/v2\/pages\/817\/revisions\/823"}],"up":[{"embeddable":true,"href":"https:\/\/muse.bayern\/index.php?rest_route=\/wp\/v2\/pages\/10"}],"wp:attachment":[{"href":"https:\/\/muse.bayern\/index.php?rest_route=%2Fwp%2Fv2%2Fmedia&parent=817"}],"curies":[{"name":"wp","href":"https:\/\/api.w.org\/{rel}","templated":true}]}}