{"id":819,"date":"2017-09-20T09:13:11","date_gmt":"2017-09-20T09:13:11","guid":{"rendered":"http:\/\/muse.bayern\/?page_id=819"},"modified":"2017-09-20T09:25:02","modified_gmt":"2017-09-20T09:25:02","slug":"tobias-madl","status":"publish","type":"page","link":"https:\/\/muse.bayern\/?page_id=819","title":{"rendered":"Tobias Madl"},"content":{"rendered":"<p>Tobias Madl<br \/>\nMuSe &#8211; Munich IT Security Research Group<br \/>\nFakult\u00e4t f\u00fcr Informatik und Mathematik<br \/>\nHochschule M\u00fcnchen<br \/>\nLothstra\u00dfe 64<br \/>\n80335 M\u00fcnchen<\/p>\n<p>E-Mail: <a href=\"mailto:madl@hm.edu\">madl@hm.edu<\/a><\/p>\n<h2>Fachgebiet<\/h2>\n<ul class=\"list-contact-person-detail\">\n<li>Automotive IT-Security<\/li>\n<\/ul>\n","protected":false},"excerpt":{"rendered":"<p>Tobias Madl MuSe &#8211; Munich IT Security Research Group Fakult\u00e4t f\u00fcr Informatik und Mathematik Hochschule M\u00fcnchen Lothstra\u00dfe 64 80335 M\u00fcnchen E-Mail: madl@hm.edu Fachgebiet Automotive IT-Security<\/p>\n","protected":false},"author":1,"featured_media":0,"parent":10,"menu_order":0,"comment_status":"closed","ping_status":"closed","template":"","meta":{"_mi_skip_tracking":false,"_exactmetrics_sitenote_active":false,"_exactmetrics_sitenote_note":"","_exactmetrics_sitenote_category":0,"footnotes":""},"_links":{"self":[{"href":"https:\/\/muse.bayern\/index.php?rest_route=\/wp\/v2\/pages\/819"}],"collection":[{"href":"https:\/\/muse.bayern\/index.php?rest_route=\/wp\/v2\/pages"}],"about":[{"href":"https:\/\/muse.bayern\/index.php?rest_route=\/wp\/v2\/types\/page"}],"author":[{"embeddable":true,"href":"https:\/\/muse.bayern\/index.php?rest_route=\/wp\/v2\/users\/1"}],"replies":[{"embeddable":true,"href":"https:\/\/muse.bayern\/index.php?rest_route=%2Fwp%2Fv2%2Fcomments&post=819"}],"version-history":[{"count":2,"href":"https:\/\/muse.bayern\/index.php?rest_route=\/wp\/v2\/pages\/819\/revisions"}],"predecessor-version":[{"id":821,"href":"https:\/\/muse.bayern\/index.php?rest_route=\/wp\/v2\/pages\/819\/revisions\/821"}],"up":[{"embeddable":true,"href":"https:\/\/muse.bayern\/index.php?rest_route=\/wp\/v2\/pages\/10"}],"wp:attachment":[{"href":"https:\/\/muse.bayern\/index.php?rest_route=%2Fwp%2Fv2%2Fmedia&parent=819"}],"curies":[{"name":"wp","href":"https:\/\/api.w.org\/{rel}","templated":true}]}}