{"id":87,"date":"2014-11-23T19:39:57","date_gmt":"2014-11-23T19:39:57","guid":{"rendered":"http:\/\/www.vsbw.de\/~axhim\/muse\/?page_id=87"},"modified":"2014-12-05T21:49:29","modified_gmt":"2014-12-05T21:49:29","slug":"datenschutz","status":"publish","type":"page","link":"https:\/\/muse.bayern\/?page_id=87","title":{"rendered":"Datenschutz"},"content":{"rendered":"<p>Der MuSe &#8211; Munich IT Security Research Group liegt auch der Schutz Ihrer pers\u00f6nlichen Daten sehr am Herzen, deswegen halten wir uns strikt an die Regeln der Datenschutzgesetze. Auf dieser Webseite werden personenbezogene Daten nur im technisch notwendigen Umfang erhoben. Auf keinen Fall werden erhobene Daten verkauft.<\/p>\n<p>Nachstehend geben wir Ihnen einen kurzen \u00dcberblick dar\u00fcber, welche Art von Daten und zu welchem Zweck erhoben werden und wie die MuSe &#8211; Munich IT Security Research Group den Schutz dieser Daten gew\u00e4hrleistet.<\/p>\n<h2>Datenverarbeitung auf dieser Internetseite<\/h2>\n<p>Beim Besuch der Webseite speichern wir automatisch in unseren Server Log Files Informationen, die durch Ihren Browser \u00fcbermittelt werden. Dies sind:<\/p>\n<p>\u2022\u00a0\u00a0\u00a0 Browsertyp\/ -version<br \/>\n\u2022\u00a0\u00a0\u00a0 verwendetes Betriebssystem<br \/>\n\u2022\u00a0\u00a0\u00a0 Referrer URL (die zuvor besuchte Seite)<br \/>\n\u2022\u00a0\u00a0\u00a0 Hostname des zugreifenden Rechners (IP Adresse)<br \/>\n\u2022\u00a0\u00a0\u00a0 Uhrzeit der Serveranfrage.<\/p>\n<p>Eine Zuordnung zu personenbezogenen Daten ist nicht m\u00f6glich. Wir f\u00fchren keine dieser Daten mit anderen Datenquellen zusammen und nach einer statistischen Auswertung werden die Daten wieder gel\u00f6scht.<\/p>\n<h2>Cookies<\/h2>\n<p>In einigen Bereichen unserer Seiten werden so genannte Cookies eingesetzt. Ein Cookie ist eine kleine Textdatei, die von einer Website auf Ihrer Festplatte abgelegt wird. Cookies richten auf Ihrem Rechner keinen Schaden an und enthalten keine Viren. Die Cookies unserer Internetseiten erheben auch keinerlei personenbezogene Daten. Die in Cookies enthaltenen Informationen verwenden wir, um Ihnen die Nutzung unserer Seiten zu erleichtern und sie auf Ihre Bed\u00fcrfnisse abzustimmen.<\/p>\n<p>Nat\u00fcrlich k\u00f6nnen Sie unsere Webseite auch ohne Cookies betrachten. Falls Sie nicht m\u00f6chten, dass Cookies auf Ihrem Rechner gespeichert werden, k\u00f6nnen Sie die entsprechende Option in den Systemeinstellungen Ihres Browsers deaktivieren. Gespeicherte Cookies k\u00f6nnen Sie in den Systemeinstellungen Ihres Browsers jederzeit l\u00f6schen. Wenn Sie keine Cookies akzeptieren, kann dieses allerdings zu Funktionseinschr\u00e4nkungen unserer Angebote f\u00fchren.<\/p>\n<h2>Google Analytics<\/h2>\n<p>Diese Website benutzt Google Analytics, einen Webanalysedienst der Google Inc. (\u201eGoogle\u201c). Google Analytics verwendet sog. \u201eCookies\u201c, Textdateien, die auf Ihrem Computer gespeichert werden und die eine Analyse der Benutzung der Website durch Sie erm\u00f6glichen. Die durch den Cookie erzeugten Informationen \u00fcber Ihre Benutzung dieser Website werden in der Regel an einen Server von Google in den USA \u00fcbertragen und dort gespeichert. Auf dieser Webseite wurde die IP-Anonymisierung aktiviert, so dass die IP-Adresse der Nutzer von Google innerhalb von Mitgliedstaaten der Europ\u00e4ischen Union oder in anderen Vertragsstaaten des Abkommens \u00fcber den Europ\u00e4ischen Wirtschaftsraum zuvor gek\u00fcrzt wird. Nur in Ausnahmef\u00e4llen wird die volle IP-Adresse an einen Server von Google in den USA \u00fcbertragen und dort gek\u00fcrzt. Im Auftrag des Betreibers dieser Website wird Google diese Informationen benutzen, um Ihre Nutzung der Website auszuwerten, um Reports \u00fcber die Websiteaktivit\u00e4ten zusammenzustellen und um weitere mit der Websitenutzung und der Internetnutzung verbundene Dienstleistungen gegen\u00fcber dem Websitebetreiber zu erbringen. Die im Rahmen von Google Analytics von Ihrem Browser \u00fcbermittelte IP-Adresse wird nicht mit anderen Daten von Google zusammengef\u00fchrt. Sie k\u00f6nnen die Speicherung der Cookies durch eine entsprechende Einstellung Ihrer Browser-Software verhindern; wir weisen Sie jedoch darauf hin, dass Sie in diesem Fall gegebenenfalls nicht s\u00e4mtliche Funktionen dieser Website vollumf\u00e4nglich werden nutzen k\u00f6nnen. Sie k\u00f6nnen dar\u00fcber hinaus die Erfassung der durch das Cookie erzeugten und auf Ihre Nutzung der Website bezogenen Daten (inkl. Ihrer IP-Adresse) an Google sowie die Verarbeitung dieser Daten durch Google verhindern, indem sie das unter dem folgenden Link verf\u00fcgbare Browser-Plugin herunterladen und installieren.\u00a0 Der aktuelle Link ist <a href=\"http:\/\/tools.google.com\/dlpage\/gaoptout?hl=de\" target=\"_blank\">http:\/\/tools.google.com\/dlpage\/gaoptout?hl=de<\/a>. Die MuSe &#8211; Munich IT Security Research Group hat den Standard-Code von Google Analytics um eine weitere Zeile erweitert, so dass IP Adressen nur noch verk\u00fcrzt weitergegeben werden. Dadurch ist eine Personenidentifizierung absolut nicht mehr m\u00f6glich.<\/p>\n","protected":false},"excerpt":{"rendered":"<p>Der MuSe &#8211; Munich IT Security Research Group liegt auch der Schutz Ihrer pers\u00f6nlichen Daten sehr am Herzen, deswegen halten wir uns strikt an die Regeln der Datenschutzgesetze. Auf dieser Webseite werden personenbezogene Daten nur im technisch notwendigen Umfang erhoben. Auf keinen Fall werden erhobene Daten verkauft. Nachstehend geben wir Ihnen einen kurzen \u00dcberblick dar\u00fcber, [&hellip;]<\/p>\n","protected":false},"author":1,"featured_media":0,"parent":0,"menu_order":0,"comment_status":"closed","ping_status":"closed","template":"","meta":{"_mi_skip_tracking":false,"_exactmetrics_sitenote_active":false,"_exactmetrics_sitenote_note":"","_exactmetrics_sitenote_category":0,"footnotes":""},"_links":{"self":[{"href":"https:\/\/muse.bayern\/index.php?rest_route=\/wp\/v2\/pages\/87"}],"collection":[{"href":"https:\/\/muse.bayern\/index.php?rest_route=\/wp\/v2\/pages"}],"about":[{"href":"https:\/\/muse.bayern\/index.php?rest_route=\/wp\/v2\/types\/page"}],"author":[{"embeddable":true,"href":"https:\/\/muse.bayern\/index.php?rest_route=\/wp\/v2\/users\/1"}],"replies":[{"embeddable":true,"href":"https:\/\/muse.bayern\/index.php?rest_route=%2Fwp%2Fv2%2Fcomments&post=87"}],"version-history":[{"count":4,"href":"https:\/\/muse.bayern\/index.php?rest_route=\/wp\/v2\/pages\/87\/revisions"}],"predecessor-version":[{"id":318,"href":"https:\/\/muse.bayern\/index.php?rest_route=\/wp\/v2\/pages\/87\/revisions\/318"}],"wp:attachment":[{"href":"https:\/\/muse.bayern\/index.php?rest_route=%2Fwp%2Fv2%2Fmedia&parent=87"}],"curies":[{"name":"wp","href":"https:\/\/api.w.org\/{rel}","templated":true}]}}